{"id":1277,"date":"2025-04-14T10:41:28","date_gmt":"2025-04-14T10:41:28","guid":{"rendered":"https:\/\/calaestudi.com\/?page_id=1277"},"modified":"2025-12-16T13:45:10","modified_gmt":"2025-12-16T13:45:10","slug":"montgo","status":"publish","type":"page","link":"https:\/\/calaestudi.com\/ca\/montgo\/","title":{"rendered":"Montg\u00f3"},"content":{"rendered":"<div data-elementor-type=\"wp-page\" data-elementor-id=\"1277\" class=\"elementor elementor-1277\" data-elementor-post-type=\"page\">\n\t\t\t\t<div class=\"elementor-element elementor-element-cd9c067 e-flex e-con-boxed e-con e-parent\" data-id=\"cd9c067\" data-element_type=\"container\" data-settings=\"{&quot;background_background&quot;:&quot;classic&quot;}\">\n\t\t\t\t\t<div class=\"e-con-inner\">\n\t\t\t\t<div class=\"elementor-element elementor-element-a0d4b0e elementor-widget elementor-widget-spacer\" data-id=\"a0d4b0e\" data-element_type=\"widget\" data-widget_type=\"spacer.default\">\n\t\t\t\t<div class=\"elementor-widget-container\">\n\t\t\t\t\t\t\t<div class=\"elementor-spacer\">\n\t\t\t<div class=\"elementor-spacer-inner\"><\/div>\n\t\t<\/div>\n\t\t\t\t\t\t<\/div>\n\t\t\t\t<\/div>\n\t\t\t\t\t<\/div>\n\t\t\t\t<\/div>\n\t\t<div class=\"elementor-element elementor-element-8aa223e e-flex e-con-boxed e-con e-parent\" data-id=\"8aa223e\" data-element_type=\"container\">\n\t\t\t\t\t<div class=\"e-con-inner\">\n\t\t<div class=\"elementor-element elementor-element-057ed38 e-con-full e-flex e-con e-child\" data-id=\"057ed38\" data-element_type=\"container\">\n\t\t<div class=\"elementor-element elementor-element-82d2e39 e-con-full e-flex e-con e-child\" data-id=\"82d2e39\" data-element_type=\"container\">\n\t\t\t\t<div class=\"elementor-element elementor-element-cc4d202 elementor-widget elementor-widget-text-editor\" data-id=\"cc4d202\" data-element_type=\"widget\" data-widget_type=\"text-editor.default\">\n\t\t\t\t<div class=\"elementor-widget-container\">\n\t\t\t\t\t\t\t\t\t<p>MONTG\u00d3\u00a0<\/p>\t\t\t\t\t\t\t\t<\/div>\n\t\t\t\t<\/div>\n\t\t\t\t<div class=\"elementor-element elementor-element-5e23a5b elementor-widget elementor-widget-text-editor\" data-id=\"5e23a5b\" data-element_type=\"widget\" data-widget_type=\"text-editor.default\">\n\t\t\t\t<div class=\"elementor-widget-container\">\n\t\t\t\t\t\t\t\t\t<p>CLIENT<br \/>Privat<\/p><p>LOCALITZACI\u00d3<br \/>Lli\u00e7\u00e0 d&#039;Amunt<\/p><p>ANY<br \/>2021<\/p><p>CATEGORIA<br \/>Residencial<\/p><p>SUPERF\u00cdCIE<br \/>180m2<\/p><p>ESTAT<br \/>Finalitzat<\/p>\t\t\t\t\t\t\t\t<\/div>\n\t\t\t\t<\/div>\n\t\t\t\t<\/div>\n\t\t<div class=\"elementor-element elementor-element-43ff118 e-con-full e-flex e-con e-child\" data-id=\"43ff118\" data-element_type=\"container\">\n\t\t\t\t<div class=\"elementor-element elementor-element-0c59e45 elementor-widget elementor-widget-image\" data-id=\"0c59e45\" data-element_type=\"widget\" data-widget_type=\"image.default\">\n\t\t\t\t<div class=\"elementor-widget-container\">\n\t\t\t\t\t\t\t\t\t\t\t\t\t\t\t<img fetchpriority=\"high\" decoding=\"async\" width=\"800\" height=\"519\" src=\"https:\/\/calaestudi.com\/wp-content\/uploads\/2025\/04\/P1_page-0001-e1744627573194-1024x664.jpg\" class=\"attachment-large size-large wp-image-1279\" alt=\"\" srcset=\"https:\/\/calaestudi.com\/wp-content\/uploads\/2025\/04\/P1_page-0001-e1744627573194-1024x664.jpg 1024w, https:\/\/calaestudi.com\/wp-content\/uploads\/2025\/04\/P1_page-0001-e1744627573194-300x194.jpg 300w, https:\/\/calaestudi.com\/wp-content\/uploads\/2025\/04\/P1_page-0001-e1744627573194-768x498.jpg 768w, https:\/\/calaestudi.com\/wp-content\/uploads\/2025\/04\/P1_page-0001-e1744627573194-1536x996.jpg 1536w, https:\/\/calaestudi.com\/wp-content\/uploads\/2025\/04\/P1_page-0001-e1744627573194-2048x1328.jpg 2048w, https:\/\/calaestudi.com\/wp-content\/uploads\/2025\/04\/P1_page-0001-e1744627573194-18x12.jpg 18w\" sizes=\"(max-width: 800px) 100vw, 800px\" \/>\t\t\t\t\t\t\t\t\t\t\t\t\t\t\t<\/div>\n\t\t\t\t<\/div>\n\t\t\t\t<\/div>\n\t\t\t\t<\/div>\n\t\t<div class=\"elementor-element elementor-element-4b9f7ab e-con-full e-flex e-con e-child\" data-id=\"4b9f7ab\" data-element_type=\"container\">\n\t\t\t\t<div class=\"elementor-element elementor-element-0285527 elementor-widget elementor-widget-image\" data-id=\"0285527\" data-element_type=\"widget\" data-widget_type=\"image.default\">\n\t\t\t\t<div class=\"elementor-widget-container\">\n\t\t\t\t\t\t\t\t\t\t\t\t\t\t\t<img decoding=\"async\" width=\"684\" height=\"1024\" src=\"https:\/\/calaestudi.com\/wp-content\/uploads\/2025\/04\/EDITADA-01-684x1024.jpg\" class=\"attachment-large size-large wp-image-1281\" alt=\"\" srcset=\"https:\/\/calaestudi.com\/wp-content\/uploads\/2025\/04\/EDITADA-01-684x1024.jpg 684w, https:\/\/calaestudi.com\/wp-content\/uploads\/2025\/04\/EDITADA-01-200x300.jpg 200w, https:\/\/calaestudi.com\/wp-content\/uploads\/2025\/04\/EDITADA-01-768x1150.jpg 768w, https:\/\/calaestudi.com\/wp-content\/uploads\/2025\/04\/EDITADA-01-1026x1536.jpg 1026w, https:\/\/calaestudi.com\/wp-content\/uploads\/2025\/04\/EDITADA-01-1368x2048.jpg 1368w, https:\/\/calaestudi.com\/wp-content\/uploads\/2025\/04\/EDITADA-01-8x12.jpg 8w, https:\/\/calaestudi.com\/wp-content\/uploads\/2025\/04\/EDITADA-01-scaled.jpg 1710w\" sizes=\"(max-width: 684px) 100vw, 684px\" \/>\t\t\t\t\t\t\t\t\t\t\t\t\t\t\t<\/div>\n\t\t\t\t<\/div>\n\t\t\t\t<\/div>\n\t\t\t\t\t<\/div>\n\t\t\t\t<\/div>\n\t\t<div class=\"elementor-element elementor-element-abe9ab4 e-flex e-con-boxed e-con e-parent\" data-id=\"abe9ab4\" data-element_type=\"container\">\n\t\t\t\t\t<div class=\"e-con-inner\">\n\t\t<div class=\"elementor-element elementor-element-6d2d660 e-con-full e-flex e-con e-child\" data-id=\"6d2d660\" data-element_type=\"container\">\n\t\t\t\t<div class=\"elementor-element elementor-element-922bd23 elementor-widget elementor-widget-image\" data-id=\"922bd23\" data-element_type=\"widget\" data-widget_type=\"image.default\">\n\t\t\t\t<div class=\"elementor-widget-container\">\n\t\t\t\t\t\t\t\t\t\t\t\t\t\t\t<img decoding=\"async\" width=\"684\" height=\"1024\" src=\"https:\/\/calaestudi.com\/wp-content\/uploads\/2025\/04\/EDITADA-2-684x1024.jpg\" class=\"attachment-large size-large wp-image-1282\" alt=\"\" srcset=\"https:\/\/calaestudi.com\/wp-content\/uploads\/2025\/04\/EDITADA-2-684x1024.jpg 684w, https:\/\/calaestudi.com\/wp-content\/uploads\/2025\/04\/EDITADA-2-200x300.jpg 200w, https:\/\/calaestudi.com\/wp-content\/uploads\/2025\/04\/EDITADA-2-768x1150.jpg 768w, https:\/\/calaestudi.com\/wp-content\/uploads\/2025\/04\/EDITADA-2-1026x1536.jpg 1026w, https:\/\/calaestudi.com\/wp-content\/uploads\/2025\/04\/EDITADA-2-1368x2048.jpg 1368w, https:\/\/calaestudi.com\/wp-content\/uploads\/2025\/04\/EDITADA-2-8x12.jpg 8w, https:\/\/calaestudi.com\/wp-content\/uploads\/2025\/04\/EDITADA-2-scaled.jpg 1710w\" sizes=\"(max-width: 684px) 100vw, 684px\" \/>\t\t\t\t\t\t\t\t\t\t\t\t\t\t\t<\/div>\n\t\t\t\t<\/div>\n\t\t\t\t<\/div>\n\t\t<div class=\"elementor-element elementor-element-78085d7 e-con-full e-flex e-con e-child\" data-id=\"78085d7\" data-element_type=\"container\">\n\t\t\t\t<div class=\"elementor-element elementor-element-172abde elementor-widget elementor-widget-text-editor\" data-id=\"172abde\" data-element_type=\"widget\" data-widget_type=\"text-editor.default\">\n\t\t\t\t<div class=\"elementor-widget-container\">\n\t\t\t\t\t\t\t\t\t<p>L&#039;harmonia de l&#039;encaix<\/p>\t\t\t\t\t\t\t\t<\/div>\n\t\t\t\t<\/div>\n\t\t\t\t<div class=\"elementor-element elementor-element-394e42a elementor-widget elementor-widget-text-editor\" data-id=\"394e42a\" data-element_type=\"widget\" data-widget_type=\"text-editor.default\">\n\t\t\t\t<div class=\"elementor-widget-container\">\n\t\t\t\t\t\t\t\t\t<p><strong>Qu\u00e8 us fa sentir a casa?<\/strong> Per a aquesta fam\u00edlia, la llar \u00e9s un espai on compartir moments a l&#039;aire lliure, gaudir d&#039;una barbacoa al porxo, admirar les vistes a les muntanyes i tenir cura de les plantes. La connexi\u00f3 amb l&#039;exterior \u00e9s essencial creant un refugi on la natura i la vida quotidiana s&#039;entrellacen en perfecta harmonia.<\/p>\t\t\t\t\t\t\t\t<\/div>\n\t\t\t\t<\/div>\n\t\t\t\t<\/div>\n\t\t\t\t\t<\/div>\n\t\t\t\t<\/div>\n\t\t<div class=\"elementor-element elementor-element-27e8ae5 e-flex e-con-boxed e-con e-parent\" data-id=\"27e8ae5\" data-element_type=\"container\">\n\t\t\t\t\t<div class=\"e-con-inner\">\n\t\t<div class=\"elementor-element elementor-element-2174e47 e-con-full e-flex e-con e-child\" data-id=\"2174e47\" data-element_type=\"container\">\n\t\t\t\t<div class=\"elementor-element elementor-element-c2b6a69 elementor-widget elementor-widget-text-editor\" data-id=\"c2b6a69\" data-element_type=\"widget\" data-widget_type=\"text-editor.default\">\n\t\t\t\t<div class=\"elementor-widget-container\">\n\t\t\t\t\t\t\t\t\t<p>El projecte es presenta amb un terreny amb gran desnivell al municipi de Lli\u00e7\u00e0 d&#039;Amunt per\u00f2 amb l&#039;oportunitat d&#039;obtenir vistes a les muntanyes a tota la fa\u00e7ana sud.\u00a0<\/p><p>S\u00b4accedeix a l\u00b4habitatge per la primera planta que cont\u00e9 les habitacions, els banys, el menjador i la cuina. Tota la planta es destina a les activitats di\u00e0ries necess\u00e0ries per a la vida de lusuari. La planta inferior, en canvi, t\u00e9 un programa per rebre els convidats. Aquesta planta aguanta amb uns pilars la superposici\u00f3 de la planta superior, deixant veure un gran porxo.<\/p><p>La coberta a dues aig\u00fces presenta un estil tradicional per\u00f2 es contraposa amb unes \u00e0mplies vidrieres triangulars i rectangulars que apareixen a fa\u00e7ana per emmarcar les vistes des del seu interior.\u00a0<\/p><p>La piscina \u00e9s un element que cal ressaltar en aquest habitatge ja que la seva construcci\u00f3 busca un equilibri entre els colors i les peces hidr\u00e0uliques, transmetent una harmonia a l&#039;habitatge.<\/p>\t\t\t\t\t\t\t\t<\/div>\n\t\t\t\t<\/div>\n\t\t\t\t<\/div>\n\t\t\t\t\t<\/div>\n\t\t\t\t<\/div>\n\t\t<div class=\"elementor-element elementor-element-2a3c48f e-flex e-con-boxed e-con e-parent\" data-id=\"2a3c48f\" data-element_type=\"container\">\n\t\t\t\t\t<div class=\"e-con-inner\">\n\t\t<div class=\"elementor-element elementor-element-c7e25a5 e-con-full e-flex e-con e-child\" data-id=\"c7e25a5\" data-element_type=\"container\">\n\t\t\t\t<div class=\"elementor-element elementor-element-02ce6b0 elementor-widget elementor-widget-image\" data-id=\"02ce6b0\" data-element_type=\"widget\" data-widget_type=\"image.default\">\n\t\t\t\t<div class=\"elementor-widget-container\">\n\t\t\t\t\t\t\t\t\t\t\t\t\t\t\t<img loading=\"lazy\" decoding=\"async\" width=\"684\" height=\"1024\" src=\"https:\/\/calaestudi.com\/wp-content\/uploads\/2025\/04\/EDITADA-5-684x1024.jpg\" class=\"attachment-large size-large wp-image-1285\" alt=\"\" srcset=\"https:\/\/calaestudi.com\/wp-content\/uploads\/2025\/04\/EDITADA-5-684x1024.jpg 684w, https:\/\/calaestudi.com\/wp-content\/uploads\/2025\/04\/EDITADA-5-200x300.jpg 200w, https:\/\/calaestudi.com\/wp-content\/uploads\/2025\/04\/EDITADA-5-768x1150.jpg 768w, https:\/\/calaestudi.com\/wp-content\/uploads\/2025\/04\/EDITADA-5-1026x1536.jpg 1026w, https:\/\/calaestudi.com\/wp-content\/uploads\/2025\/04\/EDITADA-5-1368x2048.jpg 1368w, https:\/\/calaestudi.com\/wp-content\/uploads\/2025\/04\/EDITADA-5-8x12.jpg 8w, https:\/\/calaestudi.com\/wp-content\/uploads\/2025\/04\/EDITADA-5-scaled.jpg 1710w\" sizes=\"(max-width: 684px) 100vw, 684px\" \/>\t\t\t\t\t\t\t\t\t\t\t\t\t\t\t<\/div>\n\t\t\t\t<\/div>\n\t\t\t\t<\/div>\n\t\t<div class=\"elementor-element elementor-element-4209755 e-con-full e-flex e-con e-child\" data-id=\"4209755\" data-element_type=\"container\">\n\t\t\t\t<div class=\"elementor-element elementor-element-849b702 elementor-widget elementor-widget-image\" data-id=\"849b702\" data-element_type=\"widget\" data-widget_type=\"image.default\">\n\t\t\t\t<div class=\"elementor-widget-container\">\n\t\t\t\t\t\t\t\t\t\t\t\t\t\t\t<img loading=\"lazy\" decoding=\"async\" width=\"684\" height=\"1024\" src=\"https:\/\/calaestudi.com\/wp-content\/uploads\/2025\/04\/EDITADA-3-684x1024.jpg\" class=\"attachment-large size-large wp-image-1283\" alt=\"\" srcset=\"https:\/\/calaestudi.com\/wp-content\/uploads\/2025\/04\/EDITADA-3-684x1024.jpg 684w, https:\/\/calaestudi.com\/wp-content\/uploads\/2025\/04\/EDITADA-3-200x300.jpg 200w, https:\/\/calaestudi.com\/wp-content\/uploads\/2025\/04\/EDITADA-3-768x1150.jpg 768w, https:\/\/calaestudi.com\/wp-content\/uploads\/2025\/04\/EDITADA-3-1026x1536.jpg 1026w, https:\/\/calaestudi.com\/wp-content\/uploads\/2025\/04\/EDITADA-3-1368x2048.jpg 1368w, https:\/\/calaestudi.com\/wp-content\/uploads\/2025\/04\/EDITADA-3-8x12.jpg 8w, https:\/\/calaestudi.com\/wp-content\/uploads\/2025\/04\/EDITADA-3-scaled.jpg 1710w\" sizes=\"(max-width: 684px) 100vw, 684px\" \/>\t\t\t\t\t\t\t\t\t\t\t\t\t\t\t<\/div>\n\t\t\t\t<\/div>\n\t\t\t\t<\/div>\n\t\t\t\t\t<\/div>\n\t\t\t\t<\/div>\n\t\t<div class=\"elementor-element elementor-element-2a171b9 e-flex e-con-boxed e-con e-parent\" data-id=\"2a171b9\" data-element_type=\"container\">\n\t\t\t\t\t<div class=\"e-con-inner\">\n\t\t\t\t\t<\/div>\n\t\t\t\t<\/div>\n\t\t\t\t<\/div>","protected":false},"excerpt":{"rendered":"<p>MONTG\u00d3 CLIENTEprivat LOCALITZACI\u00d3Lli\u00e7\u00e0 d&#039;Amunt ANY2021 CATEGORIAresidencial SUPERF\u00cdCIE180m2 ESTATFinalitzat L&#039;harmonia de l&#039;encaix Qu\u00e8 \u00e9s el que us fa sentir a casa? Per a aquesta fam\u00edlia, la llar \u00e9s un espai on compartir moments a l&#039;aire lliure, gaudir d&#039;una barbacoa al porxo, admirar les vistes a les muntanyes i tenir cura de les plantes. La connexi\u00f3 [\u2026]<\/p>","protected":false},"author":2,"featured_media":0,"parent":0,"menu_order":0,"comment_status":"closed","ping_status":"closed","template":"","meta":{"footnotes":""},"class_list":["post-1277","page","type-page","status-publish","hentry"],"_links":{"self":[{"href":"https:\/\/calaestudi.com\/ca\/wp-json\/wp\/v2\/pages\/1277","targetHints":{"allow":["GET"]}}],"collection":[{"href":"https:\/\/calaestudi.com\/ca\/wp-json\/wp\/v2\/pages"}],"about":[{"href":"https:\/\/calaestudi.com\/ca\/wp-json\/wp\/v2\/types\/page"}],"author":[{"embeddable":true,"href":"https:\/\/calaestudi.com\/ca\/wp-json\/wp\/v2\/users\/2"}],"replies":[{"embeddable":true,"href":"https:\/\/calaestudi.com\/ca\/wp-json\/wp\/v2\/comments?post=1277"}],"version-history":[{"count":11,"href":"https:\/\/calaestudi.com\/ca\/wp-json\/wp\/v2\/pages\/1277\/revisions"}],"predecessor-version":[{"id":2747,"href":"https:\/\/calaestudi.com\/ca\/wp-json\/wp\/v2\/pages\/1277\/revisions\/2747"}],"wp:attachment":[{"href":"https:\/\/calaestudi.com\/ca\/wp-json\/wp\/v2\/media?parent=1277"}],"curies":[{"name":"wp","href":"https:\/\/api.w.org\/{rel}","templated":true}]}}