{"id":136,"date":"2025-01-29T10:27:41","date_gmt":"2025-01-29T10:27:41","guid":{"rendered":"https:\/\/calaestudi.com\/?page_id=136"},"modified":"2025-12-24T10:53:05","modified_gmt":"2025-12-24T10:53:05","slug":"rossa-old","status":"publish","type":"page","link":"https:\/\/calaestudi.com\/ca\/rossa\/","title":{"rendered":"Rossa"},"content":{"rendered":"<div data-elementor-type=\"wp-page\" data-elementor-id=\"136\" class=\"elementor elementor-136\" data-elementor-post-type=\"page\">\n\t\t\t\t<div class=\"elementor-element elementor-element-0335981 e-flex e-con-boxed e-con e-parent\" data-id=\"0335981\" data-element_type=\"container\" data-settings=\"{&quot;background_background&quot;:&quot;classic&quot;}\">\n\t\t\t\t\t<div class=\"e-con-inner\">\n\t\t\t\t<div class=\"elementor-element elementor-element-a78a81b elementor-widget elementor-widget-spacer\" data-id=\"a78a81b\" data-element_type=\"widget\" data-widget_type=\"spacer.default\">\n\t\t\t\t<div class=\"elementor-widget-container\">\n\t\t\t\t\t\t\t<div class=\"elementor-spacer\">\n\t\t\t<div class=\"elementor-spacer-inner\"><\/div>\n\t\t<\/div>\n\t\t\t\t\t\t<\/div>\n\t\t\t\t<\/div>\n\t\t\t\t\t<\/div>\n\t\t\t\t<\/div>\n\t\t<div class=\"elementor-element elementor-element-4ed3d492 e-flex e-con-boxed e-con e-parent\" data-id=\"4ed3d492\" data-element_type=\"container\">\n\t\t\t\t\t<div class=\"e-con-inner\">\n\t\t<div class=\"elementor-element elementor-element-1632508d e-con-full e-flex e-con e-child\" data-id=\"1632508d\" data-element_type=\"container\">\n\t\t\t\t<div class=\"elementor-element elementor-element-8957b3d elementor-widget elementor-widget-text-editor\" data-id=\"8957b3d\" data-element_type=\"widget\" data-widget_type=\"text-editor.default\">\n\t\t\t\t<div class=\"elementor-widget-container\">\n\t\t\t\t\t\t\t\t\t<p>ROSSA<\/p>\t\t\t\t\t\t\t\t<\/div>\n\t\t\t\t<\/div>\n\t\t\t\t<div class=\"elementor-element elementor-element-714d407 elementor-widget elementor-widget-text-editor\" data-id=\"714d407\" data-element_type=\"widget\" data-widget_type=\"text-editor.default\">\n\t\t\t\t<div class=\"elementor-widget-container\">\n\t\t\t\t\t\t\t\t\t<p>CLIENT<br \/>Privat<\/p><p>LOCALITZACI\u00d3<br \/>Granollers<\/p><p>ANY<br \/>2023<\/p><p>CATEGORIA<br \/>Residencial unifamiliar entre mitgeres.<\/p><p>SUPERF\u00cdCIE<br \/>389m2<\/p><p>ESTAT<br \/>En construcci\u00f3<\/p>\t\t\t\t\t\t\t\t<\/div>\n\t\t\t\t<\/div>\n\t\t\t\t<div class=\"elementor-element elementor-element-cfeb746 elementor-widget elementor-widget-image\" data-id=\"cfeb746\" data-element_type=\"widget\" data-widget_type=\"image.default\">\n\t\t\t\t<div class=\"elementor-widget-container\">\n\t\t\t\t\t\t\t\t\t\t\t\t\t\t\t\t<a href=\"https:\/\/calaestudi.com\/wp-content\/uploads\/2025\/04\/Axo_page-0001-scaled-e1744885248420.jpg\" data-elementor-open-lightbox=\"yes\" data-elementor-lightbox-title=\"Rossa 11_Rehabilitacio\" data-e-action-hash=\"#elementor-action%3Aaction%3Dlightbox%26settings%3DeyJpZCI6MTUyMCwidXJsIjoiaHR0cHM6XC9cL2NhbGFlc3R1ZGkuY29tXC93cC1jb250ZW50XC91cGxvYWRzXC8yMDI1XC8wNFwvQXhvX3BhZ2UtMDAwMS1zY2FsZWQtZTE3NDQ4ODUyNDg0MjAuanBnIn0%3D\">\n\t\t\t\t\t\t\t<img fetchpriority=\"high\" decoding=\"async\" width=\"2560\" height=\"1707\" src=\"https:\/\/calaestudi.com\/wp-content\/uploads\/2025\/04\/Axo_page-0001-scaled-e1744885248420.jpg\" class=\"attachment-full size-full wp-image-1520\" alt=\"\" srcset=\"https:\/\/calaestudi.com\/wp-content\/uploads\/2025\/04\/Axo_page-0001-scaled-e1744885248420.jpg 2560w, https:\/\/calaestudi.com\/wp-content\/uploads\/2025\/04\/Axo_page-0001-scaled-e1744885248420-300x200.jpg 300w, https:\/\/calaestudi.com\/wp-content\/uploads\/2025\/04\/Axo_page-0001-scaled-e1744885248420-1024x683.jpg 1024w, https:\/\/calaestudi.com\/wp-content\/uploads\/2025\/04\/Axo_page-0001-scaled-e1744885248420-768x512.jpg 768w, https:\/\/calaestudi.com\/wp-content\/uploads\/2025\/04\/Axo_page-0001-scaled-e1744885248420-1536x1024.jpg 1536w, https:\/\/calaestudi.com\/wp-content\/uploads\/2025\/04\/Axo_page-0001-scaled-e1744885248420-2048x1366.jpg 2048w, https:\/\/calaestudi.com\/wp-content\/uploads\/2025\/04\/Axo_page-0001-scaled-e1744885248420-18x12.jpg 18w\" sizes=\"(max-width: 2560px) 100vw, 2560px\" \/>\t\t\t\t\t\t\t\t<\/a>\n\t\t\t\t\t\t\t\t\t\t\t\t\t\t\t<\/div>\n\t\t\t\t<\/div>\n\t\t\t\t<\/div>\n\t\t<div class=\"elementor-element elementor-element-2e76aafd e-con-full e-flex elementor-invisible e-con e-child\" data-id=\"2e76aafd\" data-element_type=\"container\" data-settings=\"{&quot;animation&quot;:&quot;fadeInRight&quot;}\">\n\t\t\t\t<div class=\"elementor-element elementor-element-69ebfb3 elementor-widget elementor-widget-image\" data-id=\"69ebfb3\" data-element_type=\"widget\" data-widget_type=\"image.default\">\n\t\t\t\t<div class=\"elementor-widget-container\">\n\t\t\t\t\t\t\t\t\t\t\t\t\t\t\t\t<a href=\"https:\/\/calaestudi.com\/wp-content\/uploads\/2025\/04\/1-1-scaled.png\" data-elementor-open-lightbox=\"yes\" data-elementor-lightbox-title=\"Rossa 10_Rehabilitacio\" data-e-action-hash=\"#elementor-action%3Aaction%3Dlightbox%26settings%3DeyJpZCI6MTUxOSwidXJsIjoiaHR0cHM6XC9cL2NhbGFlc3R1ZGkuY29tXC93cC1jb250ZW50XC91cGxvYWRzXC8yMDI1XC8wNFwvMS0xLXNjYWxlZC5wbmcifQ%3D%3D\">\n\t\t\t\t\t\t\t<img decoding=\"async\" width=\"2038\" height=\"2560\" src=\"https:\/\/calaestudi.com\/wp-content\/uploads\/2025\/04\/1-1-scaled.png\" class=\"attachment-full size-full wp-image-1519\" alt=\"\" srcset=\"https:\/\/calaestudi.com\/wp-content\/uploads\/2025\/04\/1-1-scaled.png 2038w, https:\/\/calaestudi.com\/wp-content\/uploads\/2025\/04\/1-1-239x300.png 239w, https:\/\/calaestudi.com\/wp-content\/uploads\/2025\/04\/1-1-815x1024.png 815w, https:\/\/calaestudi.com\/wp-content\/uploads\/2025\/04\/1-1-768x965.png 768w, https:\/\/calaestudi.com\/wp-content\/uploads\/2025\/04\/1-1-1223x1536.png 1223w, https:\/\/calaestudi.com\/wp-content\/uploads\/2025\/04\/1-1-1630x2048.png 1630w, https:\/\/calaestudi.com\/wp-content\/uploads\/2025\/04\/1-1-10x12.png 10w\" sizes=\"(max-width: 2038px) 100vw, 2038px\" \/>\t\t\t\t\t\t\t\t<\/a>\n\t\t\t\t\t\t\t\t\t\t\t\t\t\t\t<\/div>\n\t\t\t\t<\/div>\n\t\t\t\t<\/div>\n\t\t\t\t\t<\/div>\n\t\t\t\t<\/div>\n\t\t<div class=\"elementor-element elementor-element-05010cf e-flex e-con-boxed e-con e-parent\" data-id=\"05010cf\" data-element_type=\"container\">\n\t\t\t\t\t<div class=\"e-con-inner\">\n\t\t<div class=\"elementor-element elementor-element-2a1dd7d e-con-full e-flex e-con e-child\" data-id=\"2a1dd7d\" data-element_type=\"container\">\n\t\t<div class=\"elementor-element elementor-element-49a8bf4 e-con-full e-flex e-con e-child\" data-id=\"49a8bf4\" data-element_type=\"container\">\n\t\t\t\t<div class=\"elementor-element elementor-element-0029456 elementor-widget elementor-widget-text-editor\" data-id=\"0029456\" data-element_type=\"widget\" data-widget_type=\"text-editor.default\">\n\t\t\t\t<div class=\"elementor-widget-container\">\n\t\t\t\t\t\t\t\t\t<p>Entre volums i patis<\/p>\t\t\t\t\t\t\t\t<\/div>\n\t\t\t\t<\/div>\n\t\t\t\t<\/div>\n\t\t<div class=\"elementor-element elementor-element-0afd3ed e-con-full e-flex e-con e-child\" data-id=\"0afd3ed\" data-element_type=\"container\">\n\t\t\t\t<div class=\"elementor-element elementor-element-86823ba elementor-widget elementor-widget-text-editor\" data-id=\"86823ba\" data-element_type=\"widget\" data-widget_type=\"text-editor.default\">\n\t\t\t\t<div class=\"elementor-widget-container\">\n\t\t\t\t\t\t\t\t\t<p><strong>Qu\u00e8 et fa sentir a casa?<\/strong> Per a aquesta fam\u00edlia la cuina \u00e9s el cor de la llar: un espai ampli, ple de llum natural, on passen hores cuinant, compartint i gaudint del dia a dia. A m\u00e9s, la connexi\u00f3 amb l&#039;exterior \u00e9s essencial, permetent que els seus gats entrin i surtin lliurement del menjador, integrant-se a la vida de la casa.\u00a0<\/p>\t\t\t\t\t\t\t\t<\/div>\n\t\t\t\t<\/div>\n\t\t\t\t<\/div>\n\t\t\t\t<\/div>\n\t\t<div class=\"elementor-element elementor-element-c08f2bd e-con-full e-flex e-con e-child\" data-id=\"c08f2bd\" data-element_type=\"container\">\n\t\t\t\t<div class=\"elementor-element elementor-element-b6deb43 elementor-widget elementor-widget-image\" data-id=\"b6deb43\" data-element_type=\"widget\" data-widget_type=\"image.default\">\n\t\t\t\t<div class=\"elementor-widget-container\">\n\t\t\t\t\t\t\t\t\t\t\t\t\t\t\t<img decoding=\"async\" width=\"768\" height=\"1024\" src=\"https:\/\/calaestudi.com\/wp-content\/uploads\/2025\/04\/1-768x1024.jpeg\" class=\"attachment-large size-large wp-image-1515\" alt=\"\" srcset=\"https:\/\/calaestudi.com\/wp-content\/uploads\/2025\/04\/1-768x1024.jpeg 768w, https:\/\/calaestudi.com\/wp-content\/uploads\/2025\/04\/1-225x300.jpeg 225w, https:\/\/calaestudi.com\/wp-content\/uploads\/2025\/04\/1-1152x1536.jpeg 1152w, https:\/\/calaestudi.com\/wp-content\/uploads\/2025\/04\/1-9x12.jpeg 9w, https:\/\/calaestudi.com\/wp-content\/uploads\/2025\/04\/1.jpeg 1536w\" sizes=\"(max-width: 768px) 100vw, 768px\" \/>\t\t\t\t\t\t\t\t\t\t\t\t\t\t\t<\/div>\n\t\t\t\t<\/div>\n\t\t\t\t<\/div>\n\t\t\t\t\t<\/div>\n\t\t\t\t<\/div>\n\t\t<div class=\"elementor-element elementor-element-0f55869 e-flex e-con-boxed e-con e-parent\" data-id=\"0f55869\" data-element_type=\"container\">\n\t\t\t\t\t<div class=\"e-con-inner\">\n\t\t<div class=\"elementor-element elementor-element-d251c71 e-con-full e-flex e-con e-child\" data-id=\"d251c71\" data-element_type=\"container\">\n\t\t\t\t<div class=\"elementor-element elementor-element-97801e7 elementor-widget elementor-widget-text-editor\" data-id=\"97801e7\" data-element_type=\"widget\" data-widget_type=\"text-editor.default\">\n\t\t\t\t<div class=\"elementor-widget-container\">\n\t\t\t\t\t\t\t\t\t<p>El projecte d\u02bbaquesta reforma entre mitgeres s\u02bbubica en una finca privilegiada dins del parcel\u00b7lari de cases de casc antic de la ciutat de Granollers.\u00a0<\/p><p>Amb una profunditat de gaireb\u00e9 60 metres i menys de 5,5 d&#039;amplada, el volum constru\u00eft es decideix partir en dos: a l&#039;espai davanter es conforma el nou espai dom\u00e8stic, amb tres habitacions i una planta baixa di\u00e0fana i al posterior es reuneix el garatge i tot all\u00f2 relacionat amb el lleure. Entre ells, un oasi verd de m\u00e9s de 20 metres de llarg en plena ciutat.\u00a0<\/p><p>La perforaci\u00f3 i el buidatge juguen un paper clau en la introducci\u00f3 de llum natural i ventilaci\u00f3 a les diferents estances per superar la profunditat de la forma. Un pati a l&#039;entrada de casa ens d\u00f3na la benvinguda i actua alhora donant privadesa i com a coix\u00ed, separant l&#039;interior del soroll del carrer. Una lluerna central aporta claredat al cor de la casa, a doble al\u00e7ada, i genera una relaci\u00f3 vertical entre plantes.\u00a0\u00a0<\/p>\t\t\t\t\t\t\t\t<\/div>\n\t\t\t\t<\/div>\n\t\t\t\t<\/div>\n\t\t\t\t\t<\/div>\n\t\t\t\t<\/div>\n\t\t<div class=\"elementor-element elementor-element-c6206c5 e-flex e-con-boxed e-con e-parent\" data-id=\"c6206c5\" data-element_type=\"container\">\n\t\t\t\t\t<div class=\"e-con-inner\">\n\t\t<div class=\"elementor-element elementor-element-638b25d e-con-full e-flex e-con e-child\" data-id=\"638b25d\" data-element_type=\"container\">\n\t\t\t\t<div class=\"elementor-element elementor-element-43008a9 elementor-widget elementor-widget-image\" data-id=\"43008a9\" data-element_type=\"widget\" data-widget_type=\"image.default\">\n\t\t\t\t<div class=\"elementor-widget-container\">\n\t\t\t\t\t\t\t\t\t\t\t\t\t\t\t<img loading=\"lazy\" decoding=\"async\" width=\"768\" height=\"1024\" src=\"https:\/\/calaestudi.com\/wp-content\/uploads\/2025\/04\/4-768x1024.jpeg\" class=\"attachment-large size-large wp-image-1518\" alt=\"\" srcset=\"https:\/\/calaestudi.com\/wp-content\/uploads\/2025\/04\/4-768x1024.jpeg 768w, https:\/\/calaestudi.com\/wp-content\/uploads\/2025\/04\/4-225x300.jpeg 225w, https:\/\/calaestudi.com\/wp-content\/uploads\/2025\/04\/4-1152x1536.jpeg 1152w, https:\/\/calaestudi.com\/wp-content\/uploads\/2025\/04\/4-1536x2048.jpeg 1536w, https:\/\/calaestudi.com\/wp-content\/uploads\/2025\/04\/4-9x12.jpeg 9w, https:\/\/calaestudi.com\/wp-content\/uploads\/2025\/04\/4-scaled.jpeg 1920w\" sizes=\"(max-width: 768px) 100vw, 768px\" \/>\t\t\t\t\t\t\t\t\t\t\t\t\t\t\t<\/div>\n\t\t\t\t<\/div>\n\t\t\t\t<\/div>\n\t\t<div class=\"elementor-element elementor-element-6b85b59 e-con-full e-flex e-con e-child\" data-id=\"6b85b59\" data-element_type=\"container\">\n\t\t\t\t<div class=\"elementor-element elementor-element-19eb9c5 elementor-widget elementor-widget-image\" data-id=\"19eb9c5\" data-element_type=\"widget\" data-widget_type=\"image.default\">\n\t\t\t\t<div class=\"elementor-widget-container\">\n\t\t\t\t\t\t\t\t\t\t\t\t\t\t\t<img loading=\"lazy\" decoding=\"async\" width=\"768\" height=\"1024\" src=\"https:\/\/calaestudi.com\/wp-content\/uploads\/2025\/04\/3-768x1024.jpeg\" class=\"attachment-large size-large wp-image-1517\" alt=\"\" srcset=\"https:\/\/calaestudi.com\/wp-content\/uploads\/2025\/04\/3-768x1024.jpeg 768w, https:\/\/calaestudi.com\/wp-content\/uploads\/2025\/04\/3-225x300.jpeg 225w, https:\/\/calaestudi.com\/wp-content\/uploads\/2025\/04\/3-1152x1536.jpeg 1152w, https:\/\/calaestudi.com\/wp-content\/uploads\/2025\/04\/3-1536x2048.jpeg 1536w, https:\/\/calaestudi.com\/wp-content\/uploads\/2025\/04\/3-9x12.jpeg 9w, https:\/\/calaestudi.com\/wp-content\/uploads\/2025\/04\/3-scaled.jpeg 1920w\" sizes=\"(max-width: 768px) 100vw, 768px\" \/>\t\t\t\t\t\t\t\t\t\t\t\t\t\t\t<\/div>\n\t\t\t\t<\/div>\n\t\t\t\t<\/div>\n\t\t\t\t\t<\/div>\n\t\t\t\t<\/div>\n\t\t<div class=\"elementor-element elementor-element-1fe3334 e-flex e-con-boxed e-con e-parent\" data-id=\"1fe3334\" data-element_type=\"container\">\n\t\t\t\t\t<div class=\"e-con-inner\">\n\t\t\t\t<div class=\"elementor-element elementor-element-e306b8a elementor-widget elementor-widget-spacer\" data-id=\"e306b8a\" data-element_type=\"widget\" data-widget_type=\"spacer.default\">\n\t\t\t\t<div class=\"elementor-widget-container\">\n\t\t\t\t\t\t\t<div class=\"elementor-spacer\">\n\t\t\t<div class=\"elementor-spacer-inner\"><\/div>\n\t\t<\/div>\n\t\t\t\t\t\t<\/div>\n\t\t\t\t<\/div>\n\t\t\t\t\t<\/div>\n\t\t\t\t<\/div>\n\t\t<div class=\"elementor-element elementor-element-464de9c e-flex e-con-boxed e-con e-parent\" data-id=\"464de9c\" data-element_type=\"container\">\n\t\t\t\t\t<div class=\"e-con-inner\">\n\t\t\t\t\t<\/div>\n\t\t\t\t<\/div>\n\t\t\t\t<\/div>","protected":false},"excerpt":{"rendered":"<p>ROSSA CLIENTEPrivado LOCALITZACI\u00d3NGranollers A\u00d1O2023 CATEGOR\u00cdAResidencial unifamiliar entre medianeras. SUPERF\u00cdCIE389m2 ESTADOEn construcci\u00f3n Entre vol\u00famenes y patios \u00bfQu\u00e9 es lo que te hace sentir en casa? Para esta familia la cocina es el coraz\u00f3n del hogar: un espacio amplio, lleno de luz natural, donde pasan horas cocinando, compartiendo y disfrutando del d\u00eda a d\u00eda. A dem\u00e1s, la [&hellip;]<\/p>","protected":false},"author":1,"featured_media":0,"parent":0,"menu_order":0,"comment_status":"closed","ping_status":"closed","template":"","meta":{"footnotes":""},"class_list":["post-136","page","type-page","status-publish","hentry"],"_links":{"self":[{"href":"https:\/\/calaestudi.com\/ca\/wp-json\/wp\/v2\/pages\/136","targetHints":{"allow":["GET"]}}],"collection":[{"href":"https:\/\/calaestudi.com\/ca\/wp-json\/wp\/v2\/pages"}],"about":[{"href":"https:\/\/calaestudi.com\/ca\/wp-json\/wp\/v2\/types\/page"}],"author":[{"embeddable":true,"href":"https:\/\/calaestudi.com\/ca\/wp-json\/wp\/v2\/users\/1"}],"replies":[{"embeddable":true,"href":"https:\/\/calaestudi.com\/ca\/wp-json\/wp\/v2\/comments?post=136"}],"version-history":[{"count":25,"href":"https:\/\/calaestudi.com\/ca\/wp-json\/wp\/v2\/pages\/136\/revisions"}],"predecessor-version":[{"id":2759,"href":"https:\/\/calaestudi.com\/ca\/wp-json\/wp\/v2\/pages\/136\/revisions\/2759"}],"wp:attachment":[{"href":"https:\/\/calaestudi.com\/ca\/wp-json\/wp\/v2\/media?parent=136"}],"curies":[{"name":"wp","href":"https:\/\/api.w.org\/{rel}","templated":true}]}}