{"id":1668,"date":"2025-04-28T09:19:27","date_gmt":"2025-04-28T09:19:27","guid":{"rendered":"https:\/\/calaestudi.com\/?page_id=1668"},"modified":"2025-12-02T11:42:08","modified_gmt":"2025-12-02T11:42:08","slug":"construccion","status":"publish","type":"page","link":"https:\/\/calaestudi.com\/ca\/construccio\/","title":{"rendered":"Construcci\u00f3"},"content":{"rendered":"<div data-elementor-type=\"wp-page\" data-elementor-id=\"1668\" class=\"elementor elementor-1668\" data-elementor-post-type=\"page\">\n\t\t\t\t<div class=\"elementor-element elementor-element-532d74af e-flex e-con-boxed e-con e-parent\" data-id=\"532d74af\" data-element_type=\"container\" data-settings=\"{&quot;background_background&quot;:&quot;video&quot;,&quot;background_video_link&quot;:&quot;https:\\\/\\\/www.youtube.com\\\/watch?v=_oLt8vnwP34&quot;,&quot;background_play_on_mobile&quot;:&quot;yes&quot;}\">\n\t\t\t\t\t<div class=\"e-con-inner\">\n\t\t<div class=\"elementor-background-video-container\" aria-hidden=\"true\">\n\t\t\t\t\t\t\t<div class=\"elementor-background-video-embed\"><\/div>\n\t\t\t\t\t\t<\/div>\t\t\t<\/div>\n\t\t\t\t<\/div>\n\t\t<div class=\"elementor-element elementor-element-cfd271a e-flex e-con-boxed e-con e-parent\" data-id=\"cfd271a\" data-element_type=\"container\">\n\t\t\t\t\t<div class=\"e-con-inner\">\n\t\t<div class=\"elementor-element elementor-element-d099a8d e-con-full e-flex e-con e-child\" data-id=\"d099a8d\" data-element_type=\"container\">\n\t\t\t\t<div class=\"elementor-element elementor-element-94058cc elementor-widget elementor-widget-text-editor\" data-id=\"94058cc\" data-element_type=\"widget\" data-widget_type=\"text-editor.default\">\n\t\t\t\t<div class=\"elementor-widget-container\">\n\t\t\t\t\t\t\t\t\t<p data-start=\"183\" data-end=\"208\">Serveis de construcci\u00f3 | Project Manager, Clau en M\u00e0 i Control de Pressupost<\/p>\t\t\t\t\t\t\t\t<\/div>\n\t\t\t\t<\/div>\n\t\t\t\t<div class=\"elementor-element elementor-element-c256b4e elementor-widget elementor-widget-text-editor\" data-id=\"c256b4e\" data-element_type=\"widget\" data-widget_type=\"text-editor.default\">\n\t\t\t\t<div class=\"elementor-widget-container\">\n\t\t\t\t\t\t\t\t\t<p class=\"\" data-start=\"210\" data-end=\"510\"><strong>Servei de construcci\u00f3<\/strong><\/p><p class=\"\" data-start=\"318\" data-end=\"569\">Oferim un <strong data-start=\"331\" data-end=\"359\">servei de construcci\u00f3<\/strong> complet, gestionant tots els aspectes t\u00e8cnics, humans i materials del projecte. Ens ocupem de transformar el disseny arquitect\u00f2nic en realitat, garantint qualitat, seguretat i compliment de terminis.<\/p><p class=\"\" data-start=\"318\" data-end=\"569\"><strong>Project Manager<\/strong><\/p><p class=\"\" data-start=\"592\" data-end=\"864\">Assignem un <strong data-start=\"605\" data-end=\"624\">Project Manager<\/strong> especialitzat per a la teva obra, que ser\u00e0 el responsable de coordinar tots els treballs i equips involucrats. Aix\u00ed assegurem una execuci\u00f3 eficient, controlant cada etapa de la construcci\u00f3 i resolent qualsevol incid\u00e8ncia r\u00e0pidament.<\/p><p class=\"\" data-start=\"592\" data-end=\"864\"><strong>Projectes \u00abclau en m\u00e0\u00bb<\/strong><\/p><p class=\"\" data-start=\"897\" data-end=\"1158\">T&#039;oferim la modalitat <strong data-start=\"923\" data-end=\"942\">\u201cclau en m\u00e0\u201d<\/strong>: ens encarreguem de tot, des de la planificaci\u00f3 fins al lliurament final del projecte llest per fer servir. Tu nom\u00e9s haur\u00e0s de rebre el teu espai acabat sense preocupar-te per la gesti\u00f3 d&#039;obra ni els detalls t\u00e8cnics.<\/p><p class=\"\" data-start=\"897\" data-end=\"1158\"><strong>Control de pressupost<\/strong><\/p><p class=\"\" data-start=\"1188\" data-end=\"1436\">Realitzem un <strong data-start=\"1202\" data-end=\"1228\">control de pressupost<\/strong> exhaustiu en totes les fases del projecte, ajustant els costos a all\u00f2 previst i evitant desviacions econ\u00f2miques. El nostre comprom\u00eds \u00e9s aconseguir que cada inversi\u00f3 sigui eficient, transparent i sense sorpreses.<\/p><p class=\"\" data-start=\"1188\" data-end=\"1436\"><strong>Servei de constructora i contractista<\/strong><\/p><p class=\"\" data-start=\"1482\" data-end=\"1760\">Actuem tamb\u00e9 com <strong data-start=\"1504\" data-end=\"1520\">constructora<\/strong> i <strong data-start=\"1523\" data-end=\"1547\">contractista d&#039;obres<\/strong>, executant projectes de construcci\u00f3 per a habitatges, locals comercials, oficines i instal\u00b7lacions industrials. Comptem amb un equip t\u00e8cnic i obra qualificat per materialitzar qualsevol tipus de projecte.<\/p>\t\t\t\t\t\t\t\t<\/div>\n\t\t\t\t<\/div>\n\t\t\t\t<\/div>\n\t\t<div class=\"elementor-element elementor-element-63a03ef e-con-full e-flex e-con e-child\" data-id=\"63a03ef\" data-element_type=\"container\">\n\t\t\t\t<div class=\"elementor-element elementor-element-b40a10c elementor-widget elementor-widget-gallery\" data-id=\"b40a10c\" data-element_type=\"widget\" data-settings=\"{&quot;columns&quot;:3,&quot;gap&quot;:{&quot;unit&quot;:&quot;px&quot;,&quot;size&quot;:6,&quot;sizes&quot;:[]},&quot;gallery_layout&quot;:&quot;grid&quot;,&quot;columns_tablet&quot;:2,&quot;columns_mobile&quot;:1,&quot;gap_tablet&quot;:{&quot;unit&quot;:&quot;px&quot;,&quot;size&quot;:10,&quot;sizes&quot;:[]},&quot;gap_mobile&quot;:{&quot;unit&quot;:&quot;px&quot;,&quot;size&quot;:10,&quot;sizes&quot;:[]},&quot;link_to&quot;:&quot;file&quot;,&quot;aspect_ratio&quot;:&quot;3:2&quot;,&quot;overlay_background&quot;:&quot;yes&quot;,&quot;content_hover_animation&quot;:&quot;fade-in&quot;}\" data-widget_type=\"gallery.default\">\n\t\t\t\t<div class=\"elementor-widget-container\">\n\t\t\t\t\t\t\t<div class=\"elementor-gallery__container\">\n\t\t\t\t\t\t\t<a class=\"e-gallery-item elementor-gallery-item elementor-animated-content\" href=\"https:\/\/calaestudi.com\/wp-content\/uploads\/2025\/04\/Imagen3.png\" data-elementor-open-lightbox=\"no\">\n\t\t\t\t\t<div class=\"e-gallery-image elementor-gallery-item__image\" data-thumbnail=\"https:\/\/calaestudi.com\/wp-content\/uploads\/2025\/04\/Imagen3.png\" data-width=\"387\" data-height=\"193\" aria-label=\"\" role=\"img\" ><\/div>\n\t\t\t\t\t\t\t\t\t\t\t<div class=\"elementor-gallery-item__overlay\"><\/div>\n\t\t\t\t\t\t\t\t\t\t\t\t\t\t<\/a>\n\t\t\t\t\t\t\t<a class=\"e-gallery-item elementor-gallery-item elementor-animated-content\" href=\"https:\/\/calaestudi.com\/wp-content\/uploads\/2025\/04\/Imagen10.png\" data-elementor-open-lightbox=\"no\">\n\t\t\t\t\t<div class=\"e-gallery-image elementor-gallery-item__image\" data-thumbnail=\"https:\/\/calaestudi.com\/wp-content\/uploads\/2025\/04\/Imagen10.png\" data-width=\"387\" data-height=\"217\" aria-label=\"\" role=\"img\" ><\/div>\n\t\t\t\t\t\t\t\t\t\t\t<div class=\"elementor-gallery-item__overlay\"><\/div>\n\t\t\t\t\t\t\t\t\t\t\t\t\t\t<\/a>\n\t\t\t\t\t\t\t<a class=\"e-gallery-item elementor-gallery-item elementor-animated-content\" href=\"https:\/\/calaestudi.com\/wp-content\/uploads\/2025\/04\/Imagen9.png\" data-elementor-open-lightbox=\"no\">\n\t\t\t\t\t<div class=\"e-gallery-image elementor-gallery-item__image\" data-thumbnail=\"https:\/\/calaestudi.com\/wp-content\/uploads\/2025\/04\/Imagen9.png\" data-width=\"389\" data-height=\"388\" aria-label=\"\" role=\"img\" ><\/div>\n\t\t\t\t\t\t\t\t\t\t\t<div class=\"elementor-gallery-item__overlay\"><\/div>\n\t\t\t\t\t\t\t\t\t\t\t\t\t\t<\/a>\n\t\t\t\t\t\t\t<a class=\"e-gallery-item elementor-gallery-item elementor-animated-content\" href=\"https:\/\/calaestudi.com\/wp-content\/uploads\/2025\/04\/Imagen25.png\" data-elementor-open-lightbox=\"no\">\n\t\t\t\t\t<div class=\"e-gallery-image elementor-gallery-item__image\" data-thumbnail=\"https:\/\/calaestudi.com\/wp-content\/uploads\/2025\/04\/Imagen25.png\" data-width=\"392\" data-height=\"489\" aria-label=\"\" role=\"img\" ><\/div>\n\t\t\t\t\t\t\t\t\t\t\t<div class=\"elementor-gallery-item__overlay\"><\/div>\n\t\t\t\t\t\t\t\t\t\t\t\t\t\t<\/a>\n\t\t\t\t\t\t\t<a class=\"e-gallery-item elementor-gallery-item elementor-animated-content\" href=\"https:\/\/calaestudi.com\/wp-content\/uploads\/2025\/04\/Imagen1.png\" data-elementor-open-lightbox=\"no\">\n\t\t\t\t\t<div class=\"e-gallery-image elementor-gallery-item__image\" data-thumbnail=\"https:\/\/calaestudi.com\/wp-content\/uploads\/2025\/04\/Imagen1.png\" data-width=\"386\" data-height=\"257\" aria-label=\"Estudi d\u00b4arquitectura a Barcelona\" role=\"img\" ><\/div>\n\t\t\t\t\t\t\t\t\t\t\t<div class=\"elementor-gallery-item__overlay\"><\/div>\n\t\t\t\t\t\t\t\t\t\t\t\t\t\t<\/a>\n\t\t\t\t\t\t\t<a class=\"e-gallery-item elementor-gallery-item elementor-animated-content\" href=\"https:\/\/calaestudi.com\/wp-content\/uploads\/2025\/04\/Imagen22.png\" data-elementor-open-lightbox=\"no\">\n\t\t\t\t\t<div class=\"e-gallery-image elementor-gallery-item__image\" data-thumbnail=\"https:\/\/calaestudi.com\/wp-content\/uploads\/2025\/04\/Imagen22.png\" data-width=\"392\" data-height=\"220\" aria-label=\"\" role=\"img\" ><\/div>\n\t\t\t\t\t\t\t\t\t\t\t<div class=\"elementor-gallery-item__overlay\"><\/div>\n\t\t\t\t\t\t\t\t\t\t\t\t\t\t<\/a>\n\t\t\t\t\t\t\t<a class=\"e-gallery-item elementor-gallery-item elementor-animated-content\" href=\"https:\/\/calaestudi.com\/wp-content\/uploads\/2025\/04\/Imagen11.png\" data-elementor-open-lightbox=\"no\">\n\t\t\t\t\t<div class=\"e-gallery-image elementor-gallery-item__image\" data-thumbnail=\"https:\/\/calaestudi.com\/wp-content\/uploads\/2025\/04\/Imagen11.png\" data-width=\"387\" data-height=\"258\" aria-label=\"Estudi d\u00b4Arquitectura i Interiorisme a Barcelona\" role=\"img\" ><\/div>\n\t\t\t\t\t\t\t\t\t\t\t<div class=\"elementor-gallery-item__overlay\"><\/div>\n\t\t\t\t\t\t\t\t\t\t\t\t\t\t<\/a>\n\t\t\t\t\t\t\t<a class=\"e-gallery-item elementor-gallery-item elementor-animated-content\" href=\"https:\/\/calaestudi.com\/wp-content\/uploads\/2025\/04\/Imagen6.png\" data-elementor-open-lightbox=\"no\">\n\t\t\t\t\t<div class=\"e-gallery-image elementor-gallery-item__image\" data-thumbnail=\"https:\/\/calaestudi.com\/wp-content\/uploads\/2025\/04\/Imagen6.png\" data-width=\"382\" data-height=\"240\" aria-label=\"\" role=\"img\" ><\/div>\n\t\t\t\t\t\t\t\t\t\t\t<div class=\"elementor-gallery-item__overlay\"><\/div>\n\t\t\t\t\t\t\t\t\t\t\t\t\t\t<\/a>\n\t\t\t\t\t\t\t<a class=\"e-gallery-item elementor-gallery-item elementor-animated-content\" href=\"https:\/\/calaestudi.com\/wp-content\/uploads\/2025\/04\/Imagen23.png\" data-elementor-open-lightbox=\"no\">\n\t\t\t\t\t<div class=\"e-gallery-image elementor-gallery-item__image\" data-thumbnail=\"https:\/\/calaestudi.com\/wp-content\/uploads\/2025\/04\/Imagen23.png\" data-width=\"388\" data-height=\"485\" aria-label=\"\" role=\"img\" ><\/div>\n\t\t\t\t\t\t\t\t\t\t\t<div class=\"elementor-gallery-item__overlay\"><\/div>\n\t\t\t\t\t\t\t\t\t\t\t\t\t\t<\/a>\n\t\t\t\t\t\t\t<a class=\"e-gallery-item elementor-gallery-item elementor-animated-content\" href=\"https:\/\/calaestudi.com\/wp-content\/uploads\/2025\/04\/Imagen14.png\" data-elementor-open-lightbox=\"no\">\n\t\t\t\t\t<div class=\"e-gallery-image elementor-gallery-item__image\" data-thumbnail=\"https:\/\/calaestudi.com\/wp-content\/uploads\/2025\/04\/Imagen14.png\" data-width=\"382\" data-height=\"255\" aria-label=\"\" role=\"img\" ><\/div>\n\t\t\t\t\t\t\t\t\t\t\t<div class=\"elementor-gallery-item__overlay\"><\/div>\n\t\t\t\t\t\t\t\t\t\t\t\t\t\t<\/a>\n\t\t\t\t\t\t\t<a class=\"e-gallery-item elementor-gallery-item elementor-animated-content\" href=\"https:\/\/calaestudi.com\/wp-content\/uploads\/2025\/04\/Imagen21.png\" data-elementor-open-lightbox=\"no\">\n\t\t\t\t\t<div class=\"e-gallery-image elementor-gallery-item__image\" data-thumbnail=\"https:\/\/calaestudi.com\/wp-content\/uploads\/2025\/04\/Imagen21.png\" data-width=\"392\" data-height=\"261\" aria-label=\"\" role=\"img\" ><\/div>\n\t\t\t\t\t\t\t\t\t\t\t<div class=\"elementor-gallery-item__overlay\"><\/div>\n\t\t\t\t\t\t\t\t\t\t\t\t\t\t<\/a>\n\t\t\t\t\t\t\t<a class=\"e-gallery-item elementor-gallery-item elementor-animated-content\" href=\"https:\/\/calaestudi.com\/wp-content\/uploads\/2025\/04\/Imagen15.png\" data-elementor-open-lightbox=\"no\">\n\t\t\t\t\t<div class=\"e-gallery-image elementor-gallery-item__image\" data-thumbnail=\"https:\/\/calaestudi.com\/wp-content\/uploads\/2025\/04\/Imagen15.png\" data-width=\"379\" data-height=\"213\" aria-label=\"\" role=\"img\" ><\/div>\n\t\t\t\t\t\t\t\t\t\t\t<div class=\"elementor-gallery-item__overlay\"><\/div>\n\t\t\t\t\t\t\t\t\t\t\t\t\t\t<\/a>\n\t\t\t\t\t\t\t<a class=\"e-gallery-item elementor-gallery-item elementor-animated-content\" href=\"https:\/\/calaestudi.com\/wp-content\/uploads\/2025\/04\/Imagen12.png\" data-elementor-open-lightbox=\"no\">\n\t\t\t\t\t<div class=\"e-gallery-image elementor-gallery-item__image\" data-thumbnail=\"https:\/\/calaestudi.com\/wp-content\/uploads\/2025\/04\/Imagen12.png\" data-width=\"392\" data-height=\"511\" aria-label=\"\" role=\"img\" ><\/div>\n\t\t\t\t\t\t\t\t\t\t\t<div class=\"elementor-gallery-item__overlay\"><\/div>\n\t\t\t\t\t\t\t\t\t\t\t\t\t\t<\/a>\n\t\t\t\t\t\t\t<a class=\"e-gallery-item elementor-gallery-item elementor-animated-content\" href=\"https:\/\/calaestudi.com\/wp-content\/uploads\/2025\/04\/Imagen5.png\" data-elementor-open-lightbox=\"no\">\n\t\t\t\t\t<div class=\"e-gallery-image elementor-gallery-item__image\" data-thumbnail=\"https:\/\/calaestudi.com\/wp-content\/uploads\/2025\/04\/Imagen5.png\" data-width=\"381\" data-height=\"254\" aria-label=\"\" role=\"img\" ><\/div>\n\t\t\t\t\t\t\t\t\t\t\t<div class=\"elementor-gallery-item__overlay\"><\/div>\n\t\t\t\t\t\t\t\t\t\t\t\t\t\t<\/a>\n\t\t\t\t\t\t\t<a class=\"e-gallery-item elementor-gallery-item elementor-animated-content\" href=\"https:\/\/calaestudi.com\/wp-content\/uploads\/2025\/04\/Imagen20.png\" data-elementor-open-lightbox=\"no\">\n\t\t\t\t\t<div class=\"e-gallery-image elementor-gallery-item__image\" data-thumbnail=\"https:\/\/calaestudi.com\/wp-content\/uploads\/2025\/04\/Imagen20.png\" data-width=\"383\" data-height=\"382\" aria-label=\"\" role=\"img\" ><\/div>\n\t\t\t\t\t\t\t\t\t\t\t<div class=\"elementor-gallery-item__overlay\"><\/div>\n\t\t\t\t\t\t\t\t\t\t\t\t\t\t<\/a>\n\t\t\t\t\t\t\t<a class=\"e-gallery-item elementor-gallery-item elementor-animated-content\" href=\"https:\/\/calaestudi.com\/wp-content\/uploads\/2025\/04\/Imagen8.png\" data-elementor-open-lightbox=\"no\">\n\t\t\t\t\t<div class=\"e-gallery-image elementor-gallery-item__image\" data-thumbnail=\"https:\/\/calaestudi.com\/wp-content\/uploads\/2025\/04\/Imagen8.png\" data-width=\"382\" data-height=\"573\" aria-label=\"\" role=\"img\" ><\/div>\n\t\t\t\t\t\t\t\t\t\t\t<div class=\"elementor-gallery-item__overlay\"><\/div>\n\t\t\t\t\t\t\t\t\t\t\t\t\t\t<\/a>\n\t\t\t\t\t\t\t<a class=\"e-gallery-item elementor-gallery-item elementor-animated-content\" href=\"https:\/\/calaestudi.com\/wp-content\/uploads\/2025\/04\/1-copia-scaled.png\" data-elementor-open-lightbox=\"no\">\n\t\t\t\t\t<div class=\"e-gallery-image elementor-gallery-item__image\" data-thumbnail=\"https:\/\/calaestudi.com\/wp-content\/uploads\/2025\/04\/1-copia-scaled.png\" data-width=\"2038\" data-height=\"2560\" aria-label=\"\" role=\"img\" ><\/div>\n\t\t\t\t\t\t\t\t\t\t\t<div class=\"elementor-gallery-item__overlay\"><\/div>\n\t\t\t\t\t\t\t\t\t\t\t\t\t\t<\/a>\n\t\t\t\t\t\t\t<a class=\"e-gallery-item elementor-gallery-item elementor-animated-content\" href=\"https:\/\/calaestudi.com\/wp-content\/uploads\/2025\/04\/Imagen19.png\" data-elementor-open-lightbox=\"no\">\n\t\t\t\t\t<div class=\"e-gallery-image elementor-gallery-item__image\" data-thumbnail=\"https:\/\/calaestudi.com\/wp-content\/uploads\/2025\/04\/Imagen19.png\" data-width=\"379\" data-height=\"531\" aria-label=\"\" role=\"img\" ><\/div>\n\t\t\t\t\t\t\t\t\t\t\t<div class=\"elementor-gallery-item__overlay\"><\/div>\n\t\t\t\t\t\t\t\t\t\t\t\t\t\t<\/a>\n\t\t\t\t\t\t\t<a class=\"e-gallery-item elementor-gallery-item elementor-animated-content\" href=\"https:\/\/calaestudi.com\/wp-content\/uploads\/2025\/04\/Imagen13.png\" data-elementor-open-lightbox=\"no\">\n\t\t\t\t\t<div class=\"e-gallery-image elementor-gallery-item__image\" data-thumbnail=\"https:\/\/calaestudi.com\/wp-content\/uploads\/2025\/04\/Imagen13.png\" data-width=\"162\" data-height=\"216\" aria-label=\"\" role=\"img\" ><\/div>\n\t\t\t\t\t\t\t\t\t\t\t<div class=\"elementor-gallery-item__overlay\"><\/div>\n\t\t\t\t\t\t\t\t\t\t\t\t\t\t<\/a>\n\t\t\t\t\t\t\t<a class=\"e-gallery-item elementor-gallery-item elementor-animated-content\" href=\"https:\/\/calaestudi.com\/wp-content\/uploads\/2025\/04\/Imagen4.png\" data-elementor-open-lightbox=\"no\">\n\t\t\t\t\t<div class=\"e-gallery-image elementor-gallery-item__image\" data-thumbnail=\"https:\/\/calaestudi.com\/wp-content\/uploads\/2025\/04\/Imagen4.png\" data-width=\"384\" data-height=\"216\" aria-label=\"\" role=\"img\" ><\/div>\n\t\t\t\t\t\t\t\t\t\t\t<div class=\"elementor-gallery-item__overlay\"><\/div>\n\t\t\t\t\t\t\t\t\t\t\t\t\t\t<\/a>\n\t\t\t\t\t\t\t<a class=\"e-gallery-item elementor-gallery-item elementor-animated-content\" href=\"https:\/\/calaestudi.com\/wp-content\/uploads\/2025\/04\/Imagen2.png\" data-elementor-open-lightbox=\"no\">\n\t\t\t\t\t<div class=\"e-gallery-image elementor-gallery-item__image\" data-thumbnail=\"https:\/\/calaestudi.com\/wp-content\/uploads\/2025\/04\/Imagen2.png\" data-width=\"384\" data-height=\"311\" aria-label=\"\" role=\"img\" ><\/div>\n\t\t\t\t\t\t\t\t\t\t\t<div class=\"elementor-gallery-item__overlay\"><\/div>\n\t\t\t\t\t\t\t\t\t\t\t\t\t\t<\/a>\n\t\t\t\t\t\t\t<a class=\"e-gallery-item elementor-gallery-item elementor-animated-content\" href=\"https:\/\/calaestudi.com\/wp-content\/uploads\/2025\/04\/Imagen16.png\" data-elementor-open-lightbox=\"no\">\n\t\t\t\t\t<div class=\"e-gallery-image elementor-gallery-item__image\" data-thumbnail=\"https:\/\/calaestudi.com\/wp-content\/uploads\/2025\/04\/Imagen16.png\" data-width=\"395\" data-height=\"532\" aria-label=\"\" role=\"img\" ><\/div>\n\t\t\t\t\t\t\t\t\t\t\t<div class=\"elementor-gallery-item__overlay\"><\/div>\n\t\t\t\t\t\t\t\t\t\t\t\t\t\t<\/a>\n\t\t\t\t\t\t\t<a class=\"e-gallery-item elementor-gallery-item elementor-animated-content\" href=\"https:\/\/calaestudi.com\/wp-content\/uploads\/2025\/04\/Imagen7.png\" data-elementor-open-lightbox=\"no\">\n\t\t\t\t\t<div class=\"e-gallery-image elementor-gallery-item__image\" data-thumbnail=\"https:\/\/calaestudi.com\/wp-content\/uploads\/2025\/04\/Imagen7.png\" data-width=\"382\" data-height=\"510\" aria-label=\"\" role=\"img\" ><\/div>\n\t\t\t\t\t\t\t\t\t\t\t<div class=\"elementor-gallery-item__overlay\"><\/div>\n\t\t\t\t\t\t\t\t\t\t\t\t\t\t<\/a>\n\t\t\t\t\t\t\t<a class=\"e-gallery-item elementor-gallery-item elementor-animated-content\" href=\"https:\/\/calaestudi.com\/wp-content\/uploads\/2025\/04\/9l-scaled.jpg\" data-elementor-open-lightbox=\"no\">\n\t\t\t\t\t<div class=\"e-gallery-image elementor-gallery-item__image\" data-thumbnail=\"https:\/\/calaestudi.com\/wp-content\/uploads\/2025\/04\/9l-scaled.jpg\" data-width=\"1707\" data-height=\"2560\" aria-label=\"\" role=\"img\" ><\/div>\n\t\t\t\t\t\t\t\t\t\t\t<div class=\"elementor-gallery-item__overlay\"><\/div>\n\t\t\t\t\t\t\t\t\t\t\t\t\t\t<\/a>\n\t\t\t\t\t<\/div>\n\t\t\t\t\t<\/div>\n\t\t\t\t<\/div>\n\t\t\t\t<\/div>\n\t\t\t\t\t<\/div>\n\t\t\t\t<\/div>\n\t\t<div class=\"elementor-element elementor-element-cd15c15 e-flex e-con-boxed e-con e-parent\" data-id=\"cd15c15\" data-element_type=\"container\">\n\t\t\t\t\t<div class=\"e-con-inner\">\n\t\t\t\t\t<\/div>\n\t\t\t\t<\/div>\n\t\t<div class=\"elementor-element elementor-element-240fa6c e-flex e-con-boxed e-con e-parent\" data-id=\"240fa6c\" data-element_type=\"container\">\n\t\t\t\t\t<div class=\"e-con-inner\">\n\t\t\t\t\t<\/div>\n\t\t\t\t<\/div>\n\t\t\t\t<\/div>","protected":false},"excerpt":{"rendered":"<p>Serveis de construcci\u00f3 | Project Manager, Clau en M\u00e0 i Control de Pressupost Servei de construcci\u00f3 Oferim un servei de construcci\u00f3 complet, gestionant tots els aspectes t\u00e8cnics, humans i materials del projecte. Ens ocupem de transformar el disseny arquitect\u00f2nic en realitat, garantint qualitat, seguretat i compliment de terminis. Project Manager Assignem un Project Manager especialitzat [\u2026]<\/p>","protected":false},"author":2,"featured_media":1987,"parent":0,"menu_order":0,"comment_status":"closed","ping_status":"closed","template":"","meta":{"footnotes":""},"class_list":["post-1668","page","type-page","status-publish","has-post-thumbnail","hentry"],"_links":{"self":[{"href":"https:\/\/calaestudi.com\/ca\/wp-json\/wp\/v2\/pages\/1668","targetHints":{"allow":["GET"]}}],"collection":[{"href":"https:\/\/calaestudi.com\/ca\/wp-json\/wp\/v2\/pages"}],"about":[{"href":"https:\/\/calaestudi.com\/ca\/wp-json\/wp\/v2\/types\/page"}],"author":[{"embeddable":true,"href":"https:\/\/calaestudi.com\/ca\/wp-json\/wp\/v2\/users\/2"}],"replies":[{"embeddable":true,"href":"https:\/\/calaestudi.com\/ca\/wp-json\/wp\/v2\/comments?post=1668"}],"version-history":[{"count":5,"href":"https:\/\/calaestudi.com\/ca\/wp-json\/wp\/v2\/pages\/1668\/revisions"}],"predecessor-version":[{"id":2291,"href":"https:\/\/calaestudi.com\/ca\/wp-json\/wp\/v2\/pages\/1668\/revisions\/2291"}],"wp:featuredmedia":[{"embeddable":true,"href":"https:\/\/calaestudi.com\/ca\/wp-json\/wp\/v2\/media\/1987"}],"wp:attachment":[{"href":"https:\/\/calaestudi.com\/ca\/wp-json\/wp\/v2\/media?parent=1668"}],"curies":[{"name":"wp","href":"https:\/\/api.w.org\/{rel}","templated":true}]}}