{"id":297,"date":"2025-02-01T10:59:46","date_gmt":"2025-02-01T10:59:46","guid":{"rendered":"https:\/\/calaestudi.com\/?page_id=297"},"modified":"2026-05-06T12:50:44","modified_gmt":"2026-05-06T12:50:44","slug":"proyectos-2","status":"publish","type":"page","link":"https:\/\/calaestudi.com\/ca\/","title":{"rendered":"Inici"},"content":{"rendered":"<div data-elementor-type=\"wp-page\" data-elementor-id=\"297\" class=\"elementor elementor-297\" data-elementor-post-type=\"page\">\n\t\t\t\t<div class=\"elementor-element elementor-element-18837f1e e-con-full e-flex e-con e-parent\" data-id=\"18837f1e\" data-element_type=\"container\" data-e-type=\"container\" data-settings=\"{&quot;background_background&quot;:&quot;video&quot;,&quot;background_video_link&quot;:&quot;youtube.com\\\/watch?si=JmXe94z6QMDQC_X8&amp;v=yW2AeSXpipc&amp;feature=youtu.be&quot;,&quot;background_play_on_mobile&quot;:&quot;yes&quot;,&quot;background_video_start&quot;:0,&quot;background_video_end&quot;:0}\">\n\t\t<div class=\"elementor-background-video-container\">\n\t\t\t\t\t\t\t<div class=\"elementor-background-video-embed\" role=\"presentation\"><\/div>\n\t\t\t\t\t\t<\/div><div class=\"elementor-element elementor-element-11ed1a15 e-con-full e-flex e-con e-child\" data-id=\"11ed1a15\" data-element_type=\"container\" data-e-type=\"container\" data-settings=\"{&quot;background_background&quot;:&quot;classic&quot;}\">\n\t\t\t\t<div class=\"elementor-element elementor-element-5530daa elementor-widget__width-inherit elementor-widget elementor-widget-heading\" data-id=\"5530daa\" data-element_type=\"widget\" data-e-type=\"widget\" data-widget_type=\"heading.default\">\n\t\t\t\t<div class=\"elementor-widget-container\">\n\t\t\t\t\t<h2 class=\"elementor-heading-title elementor-size-default\">Reflecteix la teva manera de viure<\/h2>\t\t\t\t<\/div>\n\t\t\t\t<\/div>\n\t\t\t\t<\/div>\n\t\t\t\t<\/div>\n\t\t<div class=\"elementor-element elementor-element-d7ed709 e-con-full animated-slow e-flex elementor-invisible e-con e-parent\" data-id=\"d7ed709\" data-element_type=\"container\" data-e-type=\"container\" data-settings=\"{&quot;animation&quot;:&quot;fadeIn&quot;}\">\n\t\t<div class=\"elementor-element elementor-element-e9b993b e-con-full e-flex e-con e-child\" data-id=\"e9b993b\" data-element_type=\"container\" data-e-type=\"container\">\n\t\t<div class=\"elementor-element elementor-element-53cd035 e-con-full e-flex e-con e-child\" data-id=\"53cd035\" data-element_type=\"container\" data-e-type=\"container\">\n\t\t\t\t<div class=\"elementor-element elementor-element-c875e56 elementor-widget elementor-widget-text-editor\" data-id=\"c875e56\" data-element_type=\"widget\" data-e-type=\"widget\" data-widget_type=\"text-editor.default\">\n\t\t\t\t<div class=\"elementor-widget-container\">\n\t\t\t\t\t\t\t\t\t<p>PROYECTOS<\/p>\t\t\t\t\t\t\t\t<\/div>\n\t\t\t\t<\/div>\n\t\t\t\t<\/div>\n\t\t\t\t<div class=\"elementor-element elementor-element-80162df elementor-widget__width-initial elementor-widget-tablet__width-initial elementor-widget elementor-widget-text-editor\" data-id=\"80162df\" data-element_type=\"widget\" data-e-type=\"widget\" data-widget_type=\"text-editor.default\">\n\t\t\t\t<div class=\"elementor-widget-container\">\n\t\t\t\t\t\t\t\t\t<p>ALGUNOS DE NUESTROS FAVORITOS<\/p>\t\t\t\t\t\t\t\t<\/div>\n\t\t\t\t<\/div>\n\t\t\t\t<div class=\"elementor-element elementor-element-2556aee elementor-widget__width-initial animated-slow elementor-grid-3 elementor-grid-tablet-2 elementor-grid-mobile-1 elementor-invisible elementor-widget elementor-widget-portfolio\" data-id=\"2556aee\" data-element_type=\"widget\" data-e-type=\"widget\" data-settings=\"{&quot;row_gap&quot;:{&quot;unit&quot;:&quot;px&quot;,&quot;size&quot;:15,&quot;sizes&quot;:[]},&quot;item_ratio&quot;:{&quot;unit&quot;:&quot;px&quot;,&quot;size&quot;:0.7,&quot;sizes&quot;:[]},&quot;_animation&quot;:&quot;fadeIn&quot;,&quot;columns&quot;:&quot;3&quot;,&quot;columns_tablet&quot;:&quot;2&quot;,&quot;columns_mobile&quot;:&quot;1&quot;,&quot;item_gap&quot;:{&quot;unit&quot;:&quot;px&quot;,&quot;size&quot;:&quot;&quot;,&quot;sizes&quot;:[]}}\" data-widget_type=\"portfolio.default\">\n\t\t\t\t<div class=\"elementor-widget-container\">\n\t\t\t\t\t\t\t<div class=\"elementor-portfolio elementor-grid elementor-posts-container\" role=\"list\">\n\t\t\t\t<article class=\"elementor-portfolio-item elementor-post  post-2798 page type-page status-publish has-post-thumbnail hentry\" role=\"listitem\">\n\t\t\t<a class=\"elementor-post__thumbnail__link\" href=\"https:\/\/calaestudi.com\/ca\/https-calaestudi-com-escaletes\/\">\n\t\t\t\t<div class=\"elementor-portfolio-item__img elementor-post__thumbnail\">\n\t\t\t<img fetchpriority=\"high\" decoding=\"async\" width=\"683\" height=\"1024\" src=\"https:\/\/calaestudi.com\/wp-content\/uploads\/2025\/12\/cala-estudi_escaletes-sant-pol-de-mar_fachada-683x1024.jpg\" class=\"attachment-large size-large wp-image-2201\" alt=\"arquitecte al Maresme. Qu\u00e8 inclou la feina d&#039;un arquitecte\" srcset=\"https:\/\/calaestudi.com\/wp-content\/uploads\/2025\/12\/cala-estudi_escaletes-sant-pol-de-mar_fachada-683x1024.jpg 683w, https:\/\/calaestudi.com\/wp-content\/uploads\/2025\/12\/cala-estudi_escaletes-sant-pol-de-mar_fachada-200x300.jpg 200w, https:\/\/calaestudi.com\/wp-content\/uploads\/2025\/12\/cala-estudi_escaletes-sant-pol-de-mar_fachada-768x1152.jpg 768w, https:\/\/calaestudi.com\/wp-content\/uploads\/2025\/12\/cala-estudi_escaletes-sant-pol-de-mar_fachada-1024x1536.jpg 1024w, https:\/\/calaestudi.com\/wp-content\/uploads\/2025\/12\/cala-estudi_escaletes-sant-pol-de-mar_fachada-1366x2048.jpg 1366w, https:\/\/calaestudi.com\/wp-content\/uploads\/2025\/12\/cala-estudi_escaletes-sant-pol-de-mar_fachada-8x12.jpg 8w, https:\/\/calaestudi.com\/wp-content\/uploads\/2025\/12\/cala-estudi_escaletes-sant-pol-de-mar_fachada.jpg 1707w\" sizes=\"(max-width: 683px) 100vw, 683px\" \/>\t\t<\/div>\n\t\t\t\t<div class=\"elementor-portfolio-item__overlay\">\n\t\t\t\t<h3 class=\"elementor-portfolio-item__title\">\n\t\tEscalets\t\t<\/h3>\n\t\t\t\t<\/div>\n\t\t\t\t<\/a>\n\t\t<\/article>\n\t\t\t\t<article class=\"elementor-portfolio-item elementor-post  post-3660 page type-page status-publish has-post-thumbnail hentry\" role=\"listitem\">\n\t\t\t<a class=\"elementor-post__thumbnail__link\" href=\"https:\/\/calaestudi.com\/ca\/kaotiko\/\">\n\t\t\t\t<div class=\"elementor-portfolio-item__img elementor-post__thumbnail\">\n\t\t\t<img decoding=\"async\" width=\"800\" height=\"534\" src=\"https:\/\/calaestudi.com\/wp-content\/uploads\/2026\/05\/Kaotiko-Portada-1024x683.png\" class=\"attachment-large size-large wp-image-3691\" alt=\"\" srcset=\"https:\/\/calaestudi.com\/wp-content\/uploads\/2026\/05\/Kaotiko-Portada-1024x683.png 1024w, https:\/\/calaestudi.com\/wp-content\/uploads\/2026\/05\/Kaotiko-Portada-300x200.png 300w, https:\/\/calaestudi.com\/wp-content\/uploads\/2026\/05\/Kaotiko-Portada-768x512.png 768w, https:\/\/calaestudi.com\/wp-content\/uploads\/2026\/05\/Kaotiko-Portada-18x12.png 18w, https:\/\/calaestudi.com\/wp-content\/uploads\/2026\/05\/Kaotiko-Portada.png 1536w\" sizes=\"(max-width: 800px) 100vw, 800px\" \/>\t\t<\/div>\n\t\t\t\t<div class=\"elementor-portfolio-item__overlay\">\n\t\t\t\t<h3 class=\"elementor-portfolio-item__title\">\n\t\tKaotiko\t\t<\/h3>\n\t\t\t\t<\/div>\n\t\t\t\t<\/a>\n\t\t<\/article>\n\t\t\t\t<article class=\"elementor-portfolio-item elementor-post  post-3062 page type-page status-publish has-post-thumbnail hentry\" role=\"listitem\">\n\t\t\t<a class=\"elementor-post__thumbnail__link\" href=\"https:\/\/calaestudi.com\/ca\/marquesa-reforma-exterior-tibidabo\/\">\n\t\t\t\t<div class=\"elementor-portfolio-item__img elementor-post__thumbnail\">\n\t\t\t<img decoding=\"async\" width=\"800\" height=\"1000\" src=\"https:\/\/calaestudi.com\/wp-content\/uploads\/2026\/01\/cala-estudi_marquesa-1-819x1024.jpg\" class=\"attachment-large size-large wp-image-3067\" alt=\"Reforma exterior a Avinguda Tibidabo.\" srcset=\"https:\/\/calaestudi.com\/wp-content\/uploads\/2026\/01\/cala-estudi_marquesa-1-819x1024.jpg 819w, https:\/\/calaestudi.com\/wp-content\/uploads\/2026\/01\/cala-estudi_marquesa-1-240x300.jpg 240w, https:\/\/calaestudi.com\/wp-content\/uploads\/2026\/01\/cala-estudi_marquesa-1-768x960.jpg 768w, https:\/\/calaestudi.com\/wp-content\/uploads\/2026\/01\/cala-estudi_marquesa-1-1229x1536.jpg 1229w, https:\/\/calaestudi.com\/wp-content\/uploads\/2026\/01\/cala-estudi_marquesa-1-1638x2048.jpg 1638w, https:\/\/calaestudi.com\/wp-content\/uploads\/2026\/01\/cala-estudi_marquesa-1-10x12.jpg 10w, https:\/\/calaestudi.com\/wp-content\/uploads\/2026\/01\/cala-estudi_marquesa-1-scaled.jpg 2048w\" sizes=\"(max-width: 800px) 100vw, 800px\" \/>\t\t<\/div>\n\t\t\t\t<div class=\"elementor-portfolio-item__overlay\">\n\t\t\t\t<h3 class=\"elementor-portfolio-item__title\">\n\t\tMarquesa\t\t<\/h3>\n\t\t\t\t<\/div>\n\t\t\t\t<\/a>\n\t\t<\/article>\n\t\t\t\t<article class=\"elementor-portfolio-item elementor-post  post-2387 page type-page status-publish has-post-thumbnail hentry\" role=\"listitem\">\n\t\t\t<a class=\"elementor-post__thumbnail__link\" href=\"https:\/\/calaestudi.com\/ca\/pola\/\">\n\t\t\t\t<div class=\"elementor-portfolio-item__img elementor-post__thumbnail\">\n\t\t\t<img loading=\"lazy\" decoding=\"async\" width=\"800\" height=\"450\" src=\"https:\/\/calaestudi.com\/wp-content\/uploads\/2025\/12\/pola-portada-desk-1024x576.jpg\" class=\"attachment-large size-large wp-image-2701\" alt=\"\" srcset=\"https:\/\/calaestudi.com\/wp-content\/uploads\/2025\/12\/pola-portada-desk-1024x576.jpg 1024w, https:\/\/calaestudi.com\/wp-content\/uploads\/2025\/12\/pola-portada-desk-300x169.jpg 300w, https:\/\/calaestudi.com\/wp-content\/uploads\/2025\/12\/pola-portada-desk-768x432.jpg 768w, https:\/\/calaestudi.com\/wp-content\/uploads\/2025\/12\/pola-portada-desk-1536x864.jpg 1536w, https:\/\/calaestudi.com\/wp-content\/uploads\/2025\/12\/pola-portada-desk-2048x1152.jpg 2048w, https:\/\/calaestudi.com\/wp-content\/uploads\/2025\/12\/pola-portada-desk-18x10.jpg 18w\" sizes=\"(max-width: 800px) 100vw, 800px\" \/>\t\t<\/div>\n\t\t\t\t<div class=\"elementor-portfolio-item__overlay\">\n\t\t\t\t<h3 class=\"elementor-portfolio-item__title\">\n\t\tPola\t\t<\/h3>\n\t\t\t\t<\/div>\n\t\t\t\t<\/a>\n\t\t<\/article>\n\t\t\t\t<article class=\"elementor-portfolio-item elementor-post  post-2840 page type-page status-publish has-post-thumbnail hentry\" role=\"listitem\">\n\t\t\t<a class=\"elementor-post__thumbnail__link\" href=\"https:\/\/calaestudi.com\/ca\/rubina\/\">\n\t\t\t\t<div class=\"elementor-portfolio-item__img elementor-post__thumbnail\">\n\t\t\t<img loading=\"lazy\" decoding=\"async\" width=\"800\" height=\"1000\" src=\"https:\/\/calaestudi.com\/wp-content\/uploads\/2025\/12\/cala-estudi_rubina-viladecavalls_fachada-acristalada-piscina-vistas-819x1024.jpg\" class=\"attachment-large size-large wp-image-2202\" alt=\"\" srcset=\"https:\/\/calaestudi.com\/wp-content\/uploads\/2025\/12\/cala-estudi_rubina-viladecavalls_fachada-acristalada-piscina-vistas-819x1024.jpg 819w, https:\/\/calaestudi.com\/wp-content\/uploads\/2025\/12\/cala-estudi_rubina-viladecavalls_fachada-acristalada-piscina-vistas-240x300.jpg 240w, https:\/\/calaestudi.com\/wp-content\/uploads\/2025\/12\/cala-estudi_rubina-viladecavalls_fachada-acristalada-piscina-vistas-768x960.jpg 768w, https:\/\/calaestudi.com\/wp-content\/uploads\/2025\/12\/cala-estudi_rubina-viladecavalls_fachada-acristalada-piscina-vistas-1229x1536.jpg 1229w, https:\/\/calaestudi.com\/wp-content\/uploads\/2025\/12\/cala-estudi_rubina-viladecavalls_fachada-acristalada-piscina-vistas-10x12.jpg 10w, https:\/\/calaestudi.com\/wp-content\/uploads\/2025\/12\/cala-estudi_rubina-viladecavalls_fachada-acristalada-piscina-vistas.jpg 1638w\" sizes=\"(max-width: 800px) 100vw, 800px\" \/>\t\t<\/div>\n\t\t\t\t<div class=\"elementor-portfolio-item__overlay\">\n\t\t\t\t<h3 class=\"elementor-portfolio-item__title\">\n\t\tRubina\t\t<\/h3>\n\t\t\t\t<\/div>\n\t\t\t\t<\/a>\n\t\t<\/article>\n\t\t\t\t<article class=\"elementor-portfolio-item elementor-post  post-2889 page type-page status-publish has-post-thumbnail hentry\" role=\"listitem\">\n\t\t\t<a class=\"elementor-post__thumbnail__link\" href=\"https:\/\/calaestudi.com\/ca\/vidy\/\">\n\t\t\t\t<div class=\"elementor-portfolio-item__img elementor-post__thumbnail\">\n\t\t\t<img loading=\"lazy\" decoding=\"async\" width=\"800\" height=\"1000\" src=\"https:\/\/calaestudi.com\/wp-content\/uploads\/2026\/05\/Vidy-fachada-frontal-819x1024.png\" class=\"attachment-large size-large wp-image-3724\" alt=\"\" srcset=\"https:\/\/calaestudi.com\/wp-content\/uploads\/2026\/05\/Vidy-fachada-frontal-819x1024.png 819w, https:\/\/calaestudi.com\/wp-content\/uploads\/2026\/05\/Vidy-fachada-frontal-240x300.png 240w, https:\/\/calaestudi.com\/wp-content\/uploads\/2026\/05\/Vidy-fachada-frontal-768x960.png 768w, https:\/\/calaestudi.com\/wp-content\/uploads\/2026\/05\/Vidy-fachada-frontal-10x12.png 10w, https:\/\/calaestudi.com\/wp-content\/uploads\/2026\/05\/Vidy-fachada-frontal.png 1122w\" sizes=\"(max-width: 800px) 100vw, 800px\" \/>\t\t<\/div>\n\t\t\t\t<div class=\"elementor-portfolio-item__overlay\">\n\t\t\t\t<h3 class=\"elementor-portfolio-item__title\">\n\t\tVidy\t\t<\/h3>\n\t\t\t\t<\/div>\n\t\t\t\t<\/a>\n\t\t<\/article>\n\t\t\t\t<\/div>\n\t\t\t\t\t\t<\/div>\n\t\t\t\t<\/div>\n\t\t\t\t<\/div>\n\t\t<div class=\"elementor-element elementor-element-84e7502 e-flex e-con-boxed e-con e-child\" data-id=\"84e7502\" data-element_type=\"container\" data-e-type=\"container\">\n\t\t\t\t\t<div class=\"e-con-inner\">\n\t\t\t\t<div class=\"elementor-element elementor-element-a9233cc elementor-align-center elementor-widget elementor-widget-button\" data-id=\"a9233cc\" data-element_type=\"widget\" data-e-type=\"widget\" data-widget_type=\"button.default\">\n\t\t\t\t<div class=\"elementor-widget-container\">\n\t\t\t\t\t\t\t\t\t<div class=\"elementor-button-wrapper\">\n\t\t\t\t\t<a class=\"elementor-button elementor-button-link elementor-size-sm\" href=\"https:\/\/calaestudi.com\/ca\/projectes\/\">\n\t\t\t\t\t\t<span class=\"elementor-button-content-wrapper\">\n\t\t\t\t\t\t\t\t\t<span class=\"elementor-button-text\">VER M\u00c1S<\/span>\n\t\t\t\t\t<\/span>\n\t\t\t\t\t<\/a>\n\t\t\t\t<\/div>\n\t\t\t\t\t\t\t\t<\/div>\n\t\t\t\t<\/div>\n\t\t\t\t\t<\/div>\n\t\t\t\t<\/div>\n\t\t<div class=\"elementor-element elementor-element-43e63f6 e-flex e-con-boxed e-con e-child\" data-id=\"43e63f6\" data-element_type=\"container\" data-e-type=\"container\">\n\t\t\t\t\t<div class=\"e-con-inner\">\n\t\t<div class=\"elementor-element elementor-element-e1af41a e-con-full e-flex e-con e-child\" data-id=\"e1af41a\" data-element_type=\"container\" data-e-type=\"container\">\n\t\t\t\t<div class=\"elementor-element elementor-element-3cbe42f elementor-widget elementor-widget-heading\" data-id=\"3cbe42f\" data-element_type=\"widget\" data-e-type=\"widget\" data-widget_type=\"heading.default\">\n\t\t\t\t<div class=\"elementor-widget-container\">\n\t\t\t\t\t<p class=\"elementor-heading-title elementor-size-default\">Lo que hacemos<\/p>\t\t\t\t<\/div>\n\t\t\t\t<\/div>\n\t\t\t\t<div class=\"elementor-element elementor-element-d7b5e91 elementor-widget__width-initial elementor-widget elementor-widget-heading\" data-id=\"d7b5e91\" data-element_type=\"widget\" data-e-type=\"widget\" data-widget_type=\"heading.default\">\n\t\t\t\t<div class=\"elementor-widget-container\">\n\t\t\t\t\t<h2 class=\"elementor-heading-title elementor-size-default\">Desde arquitectura e interiorismo hasta gesti\u00f3n de obra, creamos proyectos a medida para tu vivienda o negocio.<\/h2>\t\t\t\t<\/div>\n\t\t\t\t<\/div>\n\t\t\t\t<div class=\"elementor-element elementor-element-d12d977 elementor-widget__width-initial elementor-widget elementor-widget-text-editor\" data-id=\"d12d977\" data-element_type=\"widget\" data-e-type=\"widget\" data-widget_type=\"text-editor.default\">\n\t\t\t\t<div class=\"elementor-widget-container\">\n\t\t\t\t\t\t\t\t\t<p>Dise\u00f1amos viviendas y espacios personalizados, combinando creatividad, t\u00e9cnica y un alto criterio est\u00e9tico. Gracias a nuestra experiencia en direcci\u00f3n de obra, resolvemos cualquier reto y optimizamos cada detalle, desde la distribuci\u00f3n hasta los acabados.<\/p>\t\t\t\t\t\t\t\t<\/div>\n\t\t\t\t<\/div>\n\t\t\t\t<div class=\"elementor-element elementor-element-4d0bc77 elementor-widget elementor-widget-button\" data-id=\"4d0bc77\" data-element_type=\"widget\" data-e-type=\"widget\" data-widget_type=\"button.default\">\n\t\t\t\t<div class=\"elementor-widget-container\">\n\t\t\t\t\t\t\t\t\t<div class=\"elementor-button-wrapper\">\n\t\t\t\t\t<a class=\"elementor-button elementor-button-link elementor-size-sm\" href=\"https:\/\/api.whatsapp.com\/send?phone=34694246122\" target=\"_blank\" rel=\"noopener\">\n\t\t\t\t\t\t<span class=\"elementor-button-content-wrapper\">\n\t\t\t\t\t\t\t\t\t<span class=\"elementor-button-text\">PARLEM?<\/span>\n\t\t\t\t\t<\/span>\n\t\t\t\t\t<\/a>\n\t\t\t\t<\/div>\n\t\t\t\t\t\t\t\t<\/div>\n\t\t\t\t<\/div>\n\t\t\t\t<\/div>\n\t\t\t\t\t<\/div>\n\t\t\t\t<\/div>\n\t\t\t\t<\/div>\n\t\t\t\t<\/div>","protected":false},"excerpt":{"rendered":"<p>Refleja tu manera de vivir PROYECTOS ALGUNOS DE NUESTROS FAVORITOS VER M\u00c1S Lo que hacemos Desde arquitectura e interiorismo hasta gesti\u00f3n de obra, creamos proyectos a medida para tu vivienda o negocio. Dise\u00f1amos viviendas y espacios personalizados, combinando creatividad, t\u00e9cnica y un alto criterio est\u00e9tico. Gracias a nuestra experiencia en direcci\u00f3n de obra, resolvemos cualquier [&hellip;]<\/p>","protected":false},"author":1,"featured_media":0,"parent":0,"menu_order":0,"comment_status":"closed","ping_status":"closed","template":"","meta":{"_angie_page":false,"footnotes":""},"class_list":["post-297","page","type-page","status-publish","hentry"],"_links":{"self":[{"href":"https:\/\/calaestudi.com\/ca\/wp-json\/wp\/v2\/pages\/297","targetHints":{"allow":["GET"]}}],"collection":[{"href":"https:\/\/calaestudi.com\/ca\/wp-json\/wp\/v2\/pages"}],"about":[{"href":"https:\/\/calaestudi.com\/ca\/wp-json\/wp\/v2\/types\/page"}],"author":[{"embeddable":true,"href":"https:\/\/calaestudi.com\/ca\/wp-json\/wp\/v2\/users\/1"}],"replies":[{"embeddable":true,"href":"https:\/\/calaestudi.com\/ca\/wp-json\/wp\/v2\/comments?post=297"}],"version-history":[{"count":312,"href":"https:\/\/calaestudi.com\/ca\/wp-json\/wp\/v2\/pages\/297\/revisions"}],"predecessor-version":[{"id":3734,"href":"https:\/\/calaestudi.com\/ca\/wp-json\/wp\/v2\/pages\/297\/revisions\/3734"}],"wp:attachment":[{"href":"https:\/\/calaestudi.com\/ca\/wp-json\/wp\/v2\/media?parent=297"}],"curies":[{"name":"wp","href":"https:\/\/api.w.org\/{rel}","templated":true}]}}