{"id":3112,"date":"2026-01-14T11:43:06","date_gmt":"2026-01-14T11:43:06","guid":{"rendered":"https:\/\/calaestudi.com\/?page_id=3112"},"modified":"2026-01-14T11:50:02","modified_gmt":"2026-01-14T11:50:02","slug":"fustam","status":"publish","type":"page","link":"https:\/\/calaestudi.com\/ca\/fustam\/","title":{"rendered":"Fustam"},"content":{"rendered":"<div data-elementor-type=\"wp-page\" data-elementor-id=\"3112\" class=\"elementor elementor-3112\" data-elementor-post-type=\"page\">\n\t\t\t\t<div class=\"elementor-element elementor-element-abe9ab4 e-con-full e-flex e-con e-parent\" data-id=\"abe9ab4\" data-element_type=\"container\" data-settings=\"{&quot;background_background&quot;:&quot;classic&quot;}\">\n\t\t<div class=\"elementor-element elementor-element-2a7ef36 e-flex e-con-boxed e-con e-child\" data-id=\"2a7ef36\" data-element_type=\"container\">\n\t\t\t\t\t<div class=\"e-con-inner\">\n\t\t\t\t<div class=\"elementor-element elementor-element-7c2585e elementor-invisible elementor-widget elementor-widget-heading\" data-id=\"7c2585e\" data-element_type=\"widget\" data-settings=\"{&quot;motion_fx_motion_fx_scrolling&quot;:&quot;yes&quot;,&quot;motion_fx_translateY_effect&quot;:&quot;yes&quot;,&quot;motion_fx_translateY_speed&quot;:{&quot;unit&quot;:&quot;px&quot;,&quot;size&quot;:1.3,&quot;sizes&quot;:[]},&quot;_animation&quot;:&quot;fadeIn&quot;,&quot;motion_fx_translateY_affectedRange&quot;:{&quot;unit&quot;:&quot;%&quot;,&quot;size&quot;:&quot;&quot;,&quot;sizes&quot;:{&quot;start&quot;:0,&quot;end&quot;:100}},&quot;motion_fx_devices&quot;:[&quot;desktop&quot;,&quot;tablet&quot;,&quot;mobile&quot;]}\" data-widget_type=\"heading.default\">\n\t\t\t\t<div class=\"elementor-widget-container\">\n\t\t\t\t\t<p class=\"elementor-heading-title elementor-size-default\">Fustam<\/p>\t\t\t\t<\/div>\n\t\t\t\t<\/div>\n\t\t<div class=\"elementor-element elementor-element-3863f05 e-con-full e-flex elementor-invisible e-con e-child\" data-id=\"3863f05\" data-element_type=\"container\" data-settings=\"{&quot;animation&quot;:&quot;fadeIn&quot;}\">\n\t\t\t\t<div class=\"elementor-element elementor-element-3d18151 elementor-view-default elementor-widget elementor-widget-icon\" data-id=\"3d18151\" data-element_type=\"widget\" data-settings=\"{&quot;motion_fx_motion_fx_scrolling&quot;:&quot;yes&quot;,&quot;motion_fx_translateY_effect&quot;:&quot;yes&quot;,&quot;motion_fx_translateY_speed&quot;:{&quot;unit&quot;:&quot;px&quot;,&quot;size&quot;:4,&quot;sizes&quot;:[]},&quot;motion_fx_translateY_affectedRange&quot;:{&quot;unit&quot;:&quot;%&quot;,&quot;size&quot;:&quot;&quot;,&quot;sizes&quot;:{&quot;start&quot;:0,&quot;end&quot;:100}},&quot;motion_fx_devices&quot;:[&quot;desktop&quot;,&quot;tablet&quot;,&quot;mobile&quot;]}\" data-widget_type=\"icon.default\">\n\t\t\t\t<div class=\"elementor-widget-container\">\n\t\t\t\t\t\t\t<div class=\"elementor-icon-wrapper\">\n\t\t\t<div class=\"elementor-icon elementor-animation-grow\">\n\t\t\t<i aria-hidden=\"true\" class=\"jki jki-arrow-down-light\"><\/i>\t\t\t<\/div>\n\t\t<\/div>\n\t\t\t\t\t\t<\/div>\n\t\t\t\t<\/div>\n\t\t\t\t<\/div>\n\t\t\t\t\t<\/div>\n\t\t\t\t<\/div>\n\t\t\t\t<\/div>\n\t\t<div class=\"elementor-element elementor-element-8454ad3 e-transform e-flex e-con-boxed e-con e-parent\" data-id=\"8454ad3\" data-element_type=\"container\" data-settings=\"{&quot;_transform_scale_effect&quot;:{&quot;unit&quot;:&quot;px&quot;,&quot;size&quot;:1,&quot;sizes&quot;:[]},&quot;_transform_scale_effect_tablet&quot;:{&quot;unit&quot;:&quot;px&quot;,&quot;size&quot;:&quot;&quot;,&quot;sizes&quot;:[]},&quot;_transform_scale_effect_mobile&quot;:{&quot;unit&quot;:&quot;px&quot;,&quot;size&quot;:&quot;&quot;,&quot;sizes&quot;:[]}}\">\n\t\t\t\t\t<div class=\"e-con-inner\">\n\t\t<div class=\"elementor-element elementor-element-3cb0923 e-grid e-con-full elementor-invisible e-con e-child\" data-id=\"3cb0923\" data-element_type=\"container\" data-settings=\"{&quot;animation&quot;:&quot;fadeIn&quot;}\">\n\t\t\t\t<div class=\"elementor-element elementor-element-daa6521 elementor-widget elementor-widget-text-editor\" data-id=\"daa6521\" data-element_type=\"widget\" data-widget_type=\"text-editor.default\">\n\t\t\t\t<div class=\"elementor-widget-container\">\n\t\t\t\t\t\t\t\t\t<p><span style=\"color: #030140;\"><b>Any<\/b> 2022<\/span><\/p><p><span style=\"color: #030140;\"><b>Categoria<\/b> Reforma Patrimonial<\/span><\/p><p><span style=\"color: #030140;\"><b>Localitzaci\u00f3<\/b> <\/span><span style=\"color: #030140;\">Terrassa<\/span><\/p>\t\t\t\t\t\t\t\t<\/div>\n\t\t\t\t<\/div>\n\t\t\t\t<div class=\"elementor-element elementor-element-9fb4fa2 elementor-widget elementor-widget-text-editor\" data-id=\"9fb4fa2\" data-element_type=\"widget\" data-widget_type=\"text-editor.default\">\n\t\t\t\t<div class=\"elementor-widget-container\">\n\t\t\t\t\t\t\t\t\t<p><span style=\"color: #030140;\"><b>Superf\u00edcie <\/b>490m2<\/span><\/p><p><span style=\"color: #030140;\"><b>Client <\/b>Privat<\/span><\/p><p><span style=\"color: #030140;\"><b>Estat<\/b> Acabat<\/span><\/p>\t\t\t\t\t\t\t\t<\/div>\n\t\t\t\t<\/div>\n\t\t\t\t<\/div>\n\t\t\t\t\t<\/div>\n\t\t\t\t<\/div>\n\t\t<div class=\"elementor-element elementor-element-4ac14d9 e-con-full e-flex e-con e-parent\" data-id=\"4ac14d9\" data-element_type=\"container\">\n\t\t\t\t<div class=\"elementor-element elementor-element-d7e2201 elementor-widget-mobile__width-inherit elementor-widget-divider--view-line elementor-invisible elementor-widget elementor-widget-divider\" data-id=\"d7e2201\" data-element_type=\"widget\" data-settings=\"{&quot;_animation&quot;:&quot;fadeIn&quot;}\" data-widget_type=\"divider.default\">\n\t\t\t\t<div class=\"elementor-widget-container\">\n\t\t\t\t\t\t\t<div class=\"elementor-divider\">\n\t\t\t<span class=\"elementor-divider-separator\">\n\t\t\t\t\t\t<\/span>\n\t\t<\/div>\n\t\t\t\t\t\t<\/div>\n\t\t\t\t<\/div>\n\t\t\t\t<\/div>\n\t\t<div class=\"elementor-element elementor-element-f9fba54 e-transform e-flex e-con-boxed e-con e-parent\" data-id=\"f9fba54\" data-element_type=\"container\" data-settings=\"{&quot;_transform_scale_effect&quot;:{&quot;unit&quot;:&quot;px&quot;,&quot;size&quot;:1,&quot;sizes&quot;:[]},&quot;_transform_scale_effect_tablet&quot;:{&quot;unit&quot;:&quot;px&quot;,&quot;size&quot;:&quot;&quot;,&quot;sizes&quot;:[]},&quot;_transform_scale_effect_mobile&quot;:{&quot;unit&quot;:&quot;px&quot;,&quot;size&quot;:&quot;&quot;,&quot;sizes&quot;:[]}}\">\n\t\t\t\t\t<div class=\"e-con-inner\">\n\t\t\t\t<div class=\"elementor-element elementor-element-83988d7 elementor-widget-tablet__width-initial elementor-invisible elementor-widget elementor-widget-heading\" data-id=\"83988d7\" data-element_type=\"widget\" data-settings=\"{&quot;_animation&quot;:&quot;fadeIn&quot;}\" data-widget_type=\"heading.default\">\n\t\t\t\t<div class=\"elementor-widget-container\">\n\t\t\t\t\t<h1 class=\"elementor-heading-title elementor-size-default\">Una rehabilitaci\u00f3 d\u00b4una masia hist\u00f2rica a Terrassa \u2014 Can Boada<\/h1>\t\t\t\t<\/div>\n\t\t\t\t<\/div>\n\t\t\t\t\t<\/div>\n\t\t\t\t<\/div>\n\t\t<div class=\"elementor-element elementor-element-ed08beb e-con-full e-flex e-con e-parent\" data-id=\"ed08beb\" data-element_type=\"container\">\n\t\t\t\t<div class=\"elementor-element elementor-element-27c8679 elementor-widget-mobile__width-inherit elementor-widget-divider--view-line elementor-invisible elementor-widget elementor-widget-divider\" data-id=\"27c8679\" data-element_type=\"widget\" data-settings=\"{&quot;_animation&quot;:&quot;fadeIn&quot;}\" data-widget_type=\"divider.default\">\n\t\t\t\t<div class=\"elementor-widget-container\">\n\t\t\t\t\t\t\t<div class=\"elementor-divider\">\n\t\t\t<span class=\"elementor-divider-separator\">\n\t\t\t\t\t\t<\/span>\n\t\t<\/div>\n\t\t\t\t\t\t<\/div>\n\t\t\t\t<\/div>\n\t\t\t\t<\/div>\n\t\t<div class=\"elementor-element elementor-element-923705c e-con-full e-flex e-con e-parent\" data-id=\"923705c\" data-element_type=\"container\">\n\t\t\t\t<div class=\"elementor-element elementor-element-df0aec0 e-transform elementor-invisible elementor-widget elementor-widget-image\" data-id=\"df0aec0\" data-element_type=\"widget\" data-settings=\"{&quot;_transform_scale_effect&quot;:{&quot;unit&quot;:&quot;px&quot;,&quot;size&quot;:1.7,&quot;sizes&quot;:[]},&quot;_animation&quot;:&quot;fadeIn&quot;,&quot;_transform_scale_effect_tablet&quot;:{&quot;unit&quot;:&quot;px&quot;,&quot;size&quot;:1.1,&quot;sizes&quot;:[]},&quot;_transform_scale_effect_mobile&quot;:{&quot;unit&quot;:&quot;px&quot;,&quot;size&quot;:&quot;&quot;,&quot;sizes&quot;:[]}}\" data-widget_type=\"image.default\">\n\t\t\t\t<div class=\"elementor-widget-container\">\n\t\t\t\t\t\t\t\t\t\t\t\t\t\t\t<img fetchpriority=\"high\" decoding=\"async\" width=\"536\" height=\"807\" src=\"https:\/\/calaestudi.com\/wp-content\/uploads\/2025\/04\/Axo_page-0001-3-e1768386218522.webp\" class=\"elementor-animation-grow attachment-full size-full wp-image-1273\" alt=\"\" srcset=\"https:\/\/calaestudi.com\/wp-content\/uploads\/2025\/04\/Axo_page-0001-3-e1768386218522.webp 536w, https:\/\/calaestudi.com\/wp-content\/uploads\/2025\/04\/Axo_page-0001-3-e1768386218522-199x300.webp 199w, https:\/\/calaestudi.com\/wp-content\/uploads\/2025\/04\/Axo_page-0001-3-e1768386218522-8x12.webp 8w\" sizes=\"(max-width: 536px) 100vw, 536px\" \/>\t\t\t\t\t\t\t\t\t\t\t\t\t\t\t<\/div>\n\t\t\t\t<\/div>\n\t\t\t\t<\/div>\n\t\t<div class=\"elementor-element elementor-element-130642e e-con-full e-flex e-con e-parent\" data-id=\"130642e\" data-element_type=\"container\">\n\t\t\t\t<div class=\"elementor-element elementor-element-ce8abc1 elementor-widget-mobile__width-inherit elementor-widget-divider--view-line elementor-invisible elementor-widget elementor-widget-divider\" data-id=\"ce8abc1\" data-element_type=\"widget\" data-settings=\"{&quot;_animation&quot;:&quot;fadeIn&quot;}\" data-widget_type=\"divider.default\">\n\t\t\t\t<div class=\"elementor-widget-container\">\n\t\t\t\t\t\t\t<div class=\"elementor-divider\">\n\t\t\t<span class=\"elementor-divider-separator\">\n\t\t\t\t\t\t<\/span>\n\t\t<\/div>\n\t\t\t\t\t\t<\/div>\n\t\t\t\t<\/div>\n\t\t\t\t<\/div>\n\t\t<div class=\"elementor-element elementor-element-a4f8329 e-transform e-flex e-con-boxed e-con e-parent\" data-id=\"a4f8329\" data-element_type=\"container\" data-settings=\"{&quot;_transform_scale_effect&quot;:{&quot;unit&quot;:&quot;px&quot;,&quot;size&quot;:1,&quot;sizes&quot;:[]},&quot;_transform_scale_effect_tablet&quot;:{&quot;unit&quot;:&quot;px&quot;,&quot;size&quot;:&quot;&quot;,&quot;sizes&quot;:[]},&quot;_transform_scale_effect_mobile&quot;:{&quot;unit&quot;:&quot;px&quot;,&quot;size&quot;:&quot;&quot;,&quot;sizes&quot;:[]}}\">\n\t\t\t\t\t<div class=\"e-con-inner\">\n\t\t<div class=\"elementor-element elementor-element-a04ff0d e-grid e-con-full e-con e-child\" data-id=\"a04ff0d\" data-element_type=\"container\">\n\t\t\t\t<div class=\"elementor-element elementor-element-601fc37 elementor-widget__width-initial elementor-invisible elementor-widget elementor-widget-text-editor\" data-id=\"601fc37\" data-element_type=\"widget\" data-settings=\"{&quot;_animation&quot;:&quot;fadeInLeft&quot;}\" data-widget_type=\"text-editor.default\">\n\t\t\t\t<div class=\"elementor-widget-container\">\n\t\t\t\t\t\t\t\t\t<h4><span style=\"color: #030140;\">Fustam.<\/span><\/h4><p data-start=\"475\" data-end=\"798\">La <strong data-start=\"478\" data-end=\"521\">rehabilitaci\u00f3 de la Masia de Can Boada<\/strong>, <strong>edifici del segle XV<\/strong> catalogat pel seu<strong data-start=\"545\" data-end=\"594\"> valor hist\u00f2ric a Terrassa<\/strong>, es planteja com una <strong data-start=\"616\" data-end=\"653\">intervenci\u00f3 patrimonial rigorosa<\/strong>, centrada en la consolidaci\u00f3 estructural del conjunt i la seva adequaci\u00f3 general per permetre nous usos compatibles amb la condici\u00f3 protegida.<\/p><p data-start=\"800\" data-end=\"1151\">L&#039;actuaci\u00f3 parteix del <b>m\u00e0xim respecte per l&#039;arquitectura original<\/b> del mas, preservant els elements constructius i materials que defineixen la seva identitat hist\u00f2rica. Es conserven els paviments, escales i sostres originals, i <b>s&#039;interv\u00e9 \u00fanicament all\u00e0 on \u00e9s imprescindible<\/b> per garantir l estabilitat i la durabilitat de l edifici.<\/p><p data-start=\"1153\" data-end=\"1464\">Donada la seva condici\u00f3 de masia catalogada, es descarta qualsevol alteraci\u00f3 de la fonamentaci\u00f3 existent. Al seu lloc, <b>s&#039;opta per solucions constructives lleugeres, reversibles i coherents<\/b> amb la l\u00f2gica estructural original, assegurant la conservaci\u00f3 de l&#039;autenticitat de l&#039;edifici i la lectura hist\u00f2rica.<\/p><p data-start=\"1466\" data-end=\"1756\">El proc\u00e9s constructiu s&#039;inicia amb una fase de <b>desconstrucci\u00f3 controlada,<\/b> retirant els forjats deteriorats i recuperant les ratlles cer\u00e0miques originals. Pr\u00e8viament a la consolidaci\u00f3 estructural, es protegeixen els murs existents per preservar-ne la integritat durant les obres.<\/p>\t\t\t\t\t\t\t\t<\/div>\n\t\t\t\t<\/div>\n\t\t\t\t<div class=\"elementor-element elementor-element-18341db elementor-invisible elementor-widget elementor-widget-image\" data-id=\"18341db\" data-element_type=\"widget\" data-settings=\"{&quot;_animation&quot;:&quot;fadeInRight&quot;}\" data-widget_type=\"image.default\">\n\t\t\t\t<div class=\"elementor-widget-container\">\n\t\t\t\t\t\t\t\t\t\t\t\t\t\t\t<img decoding=\"async\" width=\"819\" height=\"1024\" src=\"https:\/\/calaestudi.com\/wp-content\/uploads\/2026\/01\/cala-estudi_fustam-1.png\" class=\"attachment-full size-full wp-image-3116\" alt=\"rehabilitaci\u00f3 de masia\" srcset=\"https:\/\/calaestudi.com\/wp-content\/uploads\/2026\/01\/cala-estudi_fustam-1.png 819w, https:\/\/calaestudi.com\/wp-content\/uploads\/2026\/01\/cala-estudi_fustam-1-240x300.png 240w, https:\/\/calaestudi.com\/wp-content\/uploads\/2026\/01\/cala-estudi_fustam-1-768x960.png 768w, https:\/\/calaestudi.com\/wp-content\/uploads\/2026\/01\/cala-estudi_fustam-1-10x12.png 10w\" sizes=\"(max-width: 819px) 100vw, 819px\" \/>\t\t\t\t\t\t\t\t\t\t\t\t\t\t\t<\/div>\n\t\t\t\t<\/div>\n\t\t\t\t<\/div>\n\t\t\t\t\t<\/div>\n\t\t\t\t<\/div>\n\t\t<div class=\"elementor-element elementor-element-278aa56 e-con-full e-flex elementor-invisible e-con e-parent\" data-id=\"278aa56\" data-element_type=\"container\" data-settings=\"{&quot;animation&quot;:&quot;fadeIn&quot;}\">\n\t\t\t\t<div class=\"elementor-element elementor-element-b995979 elementor-widget-mobile__width-inherit elementor-widget-divider--view-line elementor-invisible elementor-widget elementor-widget-divider\" data-id=\"b995979\" data-element_type=\"widget\" data-settings=\"{&quot;_animation&quot;:&quot;fadeIn&quot;}\" data-widget_type=\"divider.default\">\n\t\t\t\t<div class=\"elementor-widget-container\">\n\t\t\t\t\t\t\t<div class=\"elementor-divider\">\n\t\t\t<span class=\"elementor-divider-separator\">\n\t\t\t\t\t\t<\/span>\n\t\t<\/div>\n\t\t\t\t\t\t<\/div>\n\t\t\t\t<\/div>\n\t\t\t\t<\/div>\n\t\t<div class=\"elementor-element elementor-element-fbfda39 e-transform e-flex e-con-boxed e-con e-parent\" data-id=\"fbfda39\" data-element_type=\"container\" data-settings=\"{&quot;_transform_scale_effect&quot;:{&quot;unit&quot;:&quot;px&quot;,&quot;size&quot;:1,&quot;sizes&quot;:[]},&quot;_transform_scale_effect_tablet&quot;:{&quot;unit&quot;:&quot;px&quot;,&quot;size&quot;:&quot;&quot;,&quot;sizes&quot;:[]},&quot;_transform_scale_effect_mobile&quot;:{&quot;unit&quot;:&quot;px&quot;,&quot;size&quot;:&quot;&quot;,&quot;sizes&quot;:[]}}\">\n\t\t\t\t\t<div class=\"e-con-inner\">\n\t\t<div class=\"elementor-element elementor-element-54d3b8b e-con-full e-flex e-con e-child\" data-id=\"54d3b8b\" data-element_type=\"container\">\n\t\t\t\t<div class=\"elementor-element elementor-element-cc4dcc9 elementor-widget__width-initial e-transform elementor-drop-cap-yes elementor-widget-mobile__width-inherit e-transform elementor-drop-cap-view-default elementor-invisible elementor-widget elementor-widget-text-editor\" data-id=\"cc4dcc9\" data-element_type=\"widget\" data-settings=\"{&quot;motion_fx_motion_fx_mouse&quot;:&quot;yes&quot;,&quot;_animation&quot;:&quot;fadeIn&quot;,&quot;drop_cap&quot;:&quot;yes&quot;,&quot;_transform_scale_effect_tablet&quot;:{&quot;unit&quot;:&quot;px&quot;,&quot;size&quot;:0.7,&quot;sizes&quot;:[]},&quot;_transform_scale_effect_mobile&quot;:{&quot;unit&quot;:&quot;px&quot;,&quot;size&quot;:0.7,&quot;sizes&quot;:[]},&quot;_transform_translateX_effect&quot;:{&quot;unit&quot;:&quot;px&quot;,&quot;size&quot;:&quot;&quot;,&quot;sizes&quot;:[]},&quot;_transform_translateX_effect_tablet&quot;:{&quot;unit&quot;:&quot;px&quot;,&quot;size&quot;:&quot;&quot;,&quot;sizes&quot;:[]},&quot;_transform_translateX_effect_mobile&quot;:{&quot;unit&quot;:&quot;px&quot;,&quot;size&quot;:&quot;&quot;,&quot;sizes&quot;:[]},&quot;_transform_translateY_effect&quot;:{&quot;unit&quot;:&quot;px&quot;,&quot;size&quot;:&quot;&quot;,&quot;sizes&quot;:[]},&quot;_transform_translateY_effect_tablet&quot;:{&quot;unit&quot;:&quot;px&quot;,&quot;size&quot;:&quot;&quot;,&quot;sizes&quot;:[]},&quot;_transform_translateY_effect_mobile&quot;:{&quot;unit&quot;:&quot;px&quot;,&quot;size&quot;:&quot;&quot;,&quot;sizes&quot;:[]},&quot;_transform_scale_effect&quot;:{&quot;unit&quot;:&quot;px&quot;,&quot;size&quot;:&quot;&quot;,&quot;sizes&quot;:[]}}\" data-widget_type=\"text-editor.default\">\n\t\t\t\t<div class=\"elementor-widget-container\">\n\t\t\t\t\t\t\t\t\t<p><span style=\"color: #030140;\">L&#039;estructura lleugera de fusta permet <strong>consolidar l&#039;edifici optimitzant la llum i reduint les c\u00e0rregues<\/strong> sobre els murs hist\u00f2rics.<\/span><\/p>\t\t\t\t\t\t\t\t<\/div>\n\t\t\t\t<\/div>\n\t\t\t\t<\/div>\n\t\t\t\t\t<\/div>\n\t\t\t\t<\/div>\n\t\t<div class=\"elementor-element elementor-element-a662314 e-con-full e-flex e-con e-parent\" data-id=\"a662314\" data-element_type=\"container\">\n\t\t\t\t<div class=\"elementor-element elementor-element-9e75211 elementor-widget-mobile__width-inherit elementor-widget-divider--view-line elementor-invisible elementor-widget elementor-widget-divider\" data-id=\"9e75211\" data-element_type=\"widget\" data-settings=\"{&quot;_animation&quot;:&quot;fadeIn&quot;}\" data-widget_type=\"divider.default\">\n\t\t\t\t<div class=\"elementor-widget-container\">\n\t\t\t\t\t\t\t<div class=\"elementor-divider\">\n\t\t\t<span class=\"elementor-divider-separator\">\n\t\t\t\t\t\t<\/span>\n\t\t<\/div>\n\t\t\t\t\t\t<\/div>\n\t\t\t\t<\/div>\n\t\t\t\t<\/div>\n\t\t<div class=\"elementor-element elementor-element-f1f44d8 e-transform e-flex e-con-boxed e-con e-parent\" data-id=\"f1f44d8\" data-element_type=\"container\" data-settings=\"{&quot;_transform_scale_effect&quot;:{&quot;unit&quot;:&quot;px&quot;,&quot;size&quot;:&quot;&quot;,&quot;sizes&quot;:[]},&quot;_transform_scale_effect_tablet&quot;:{&quot;unit&quot;:&quot;px&quot;,&quot;size&quot;:&quot;&quot;,&quot;sizes&quot;:[]},&quot;_transform_scale_effect_mobile&quot;:{&quot;unit&quot;:&quot;px&quot;,&quot;size&quot;:&quot;&quot;,&quot;sizes&quot;:[]}}\">\n\t\t\t\t\t<div class=\"e-con-inner\">\n\t\t<div class=\"elementor-element elementor-element-775c52a e-grid e-con-full e-con e-child\" data-id=\"775c52a\" data-element_type=\"container\">\n\t\t\t\t<div class=\"elementor-element elementor-element-906ae27 elementor-invisible elementor-widget elementor-widget-image\" data-id=\"906ae27\" data-element_type=\"widget\" data-settings=\"{&quot;_animation&quot;:&quot;fadeInLeft&quot;}\" data-widget_type=\"image.default\">\n\t\t\t\t<div class=\"elementor-widget-container\">\n\t\t\t\t\t\t\t\t\t\t\t\t\t\t\t<img decoding=\"async\" width=\"768\" height=\"1024\" src=\"https:\/\/calaestudi.com\/wp-content\/uploads\/2026\/01\/cala-estudi_fustam-2.png\" class=\"attachment-full size-full wp-image-3115\" alt=\"rehabilitaci\u00f3 de masia terrassa\" srcset=\"https:\/\/calaestudi.com\/wp-content\/uploads\/2026\/01\/cala-estudi_fustam-2.png 768w, https:\/\/calaestudi.com\/wp-content\/uploads\/2026\/01\/cala-estudi_fustam-2-225x300.png 225w, https:\/\/calaestudi.com\/wp-content\/uploads\/2026\/01\/cala-estudi_fustam-2-9x12.png 9w\" sizes=\"(max-width: 768px) 100vw, 768px\" \/>\t\t\t\t\t\t\t\t\t\t\t\t\t\t\t<\/div>\n\t\t\t\t<\/div>\n\t\t\t\t<div class=\"elementor-element elementor-element-df30b79 elementor-widget__width-initial elementor-invisible elementor-widget elementor-widget-text-editor\" data-id=\"df30b79\" data-element_type=\"widget\" data-settings=\"{&quot;_animation&quot;:&quot;fadeInRight&quot;}\" data-widget_type=\"text-editor.default\">\n\t\t\t\t<div class=\"elementor-widget-container\">\n\t\t\t\t\t\t\t\t\t<h4 style=\"font-family: 'Work Sans', sans-serif;\"><span style=\"color: #030140;\">Intervenir de manera invisible.<\/span><\/h4><p data-start=\"1758\" data-end=\"2134\">La nova estructura es resol mitjan\u00e7ant una <strong data-start=\"1803\" data-end=\"1834\">estructura lleugera de fusta<\/strong>, que permet <b>optimitzar la llum<\/b> entre suports i <b>reduir les c\u00e0rregues<\/b> transmeses als murs hist\u00f2rics. Aquesta soluci\u00f3 resulta especialment adequada en el context d\u201funa rehabilitaci\u00f3 patrimonial, en compatibilitzar criteris estructurals contemporanis amb la conservaci\u00f3 de l\u201fedifici original.<\/p><p data-start=\"2136\" data-end=\"2483\">La fa\u00e7ana se saneja i es deixa la tova vista, <b>posant en valor la materialitat original de la masia<\/b> i refor\u00e7ant-ne el car\u00e0cter hist\u00f2ric. Les fusteries es reposen a la seva posici\u00f3 interior original, replicant el seu disseny tradicional per\u00f2 incorporant <span data-start=\"2390\" data-end=\"2406\">vidre doble<\/span>, millorant aix\u00ed les prestacions t\u00e8rmiques sense alterar la imatge del conjunt.<\/p><p data-start=\"2485\" data-end=\"2719\">Finalment, es garanteix l&#039;estanquitat del volum mitjan\u00e7ant una <span data-start=\"2551\" data-end=\"2618\">nova coberta amb estructura de fusta i acabat de teula \u00e0rab<\/span>, respectant l&#039;ess\u00e8ncia constructiva de la masia i assegurant-ne la conservaci\u00f3 correcta a llarg termini.<\/p><p data-start=\"2721\" data-end=\"3026\">Aquesta <span data-start=\"2726\" data-end=\"2765\">rehabilitaci\u00f3 de masia a Terrassa<\/span> exemplifica una manera d&#039;intervenir en el patrimoni basada en el rigor t\u00e8cnic, el respecte per l&#039;arquitectura hist\u00f2rica i la cerca de solucions contempor\u00e0nies discretes, capaces de prolongar la vida \u00fatil de l&#039;edifici sense desvirtuar-ne el car\u00e0cter original.<\/p>\t\t\t\t\t\t\t\t<\/div>\n\t\t\t\t<\/div>\n\t\t\t\t<\/div>\n\t\t\t\t\t<\/div>\n\t\t\t\t<\/div>\n\t\t<div class=\"elementor-element elementor-element-edb1c1a e-con-full e-flex e-con e-parent\" data-id=\"edb1c1a\" data-element_type=\"container\">\n\t\t<div class=\"elementor-element elementor-element-b26087d e-transform e-flex e-con-boxed e-con e-child\" data-id=\"b26087d\" data-element_type=\"container\" data-settings=\"{&quot;_transform_scale_effect&quot;:{&quot;unit&quot;:&quot;px&quot;,&quot;size&quot;:1,&quot;sizes&quot;:[]},&quot;_transform_scale_effect_tablet&quot;:{&quot;unit&quot;:&quot;px&quot;,&quot;size&quot;:&quot;&quot;,&quot;sizes&quot;:[]},&quot;_transform_scale_effect_mobile&quot;:{&quot;unit&quot;:&quot;px&quot;,&quot;size&quot;:&quot;&quot;,&quot;sizes&quot;:[]}}\">\n\t\t\t\t\t<div class=\"e-con-inner\">\n\t\t<div class=\"elementor-element elementor-element-25e3188 e-con-full e-flex e-con e-child\" data-id=\"25e3188\" data-element_type=\"container\">\n\t\t\t\t<div class=\"elementor-element elementor-element-4b0c61b elementor-align-center elementor-tablet-align-center elementor-mobile-align-center elementor-invisible elementor-widget elementor-widget-button\" data-id=\"4b0c61b\" data-element_type=\"widget\" data-settings=\"{&quot;_animation&quot;:&quot;fadeIn&quot;}\" data-widget_type=\"button.default\">\n\t\t\t\t<div class=\"elementor-widget-container\">\n\t\t\t\t\t\t\t\t\t<div class=\"elementor-button-wrapper\">\n\t\t\t\t\t<a class=\"elementor-button elementor-button-link elementor-size-sm\" href=\"https:\/\/wa.me\/34633857757\" target=\"_blank\" rel=\"noopener\">\n\t\t\t\t\t\t<span class=\"elementor-button-content-wrapper\">\n\t\t\t\t\t\t\t\t\t<span class=\"elementor-button-text\">PARLEM<\/span>\n\t\t\t\t\t<\/span>\n\t\t\t\t\t<\/a>\n\t\t\t\t<\/div>\n\t\t\t\t\t\t\t\t<\/div>\n\t\t\t\t<\/div>\n\t\t\t\t<\/div>\n\t\t\t\t\t<\/div>\n\t\t\t\t<\/div>\n\t\t\t\t<\/div>\n\t\t<div class=\"elementor-element elementor-element-e510330 e-flex e-con-boxed elementor-invisible e-con e-parent\" data-id=\"e510330\" data-element_type=\"container\" data-settings=\"{&quot;background_background&quot;:&quot;slideshow&quot;,&quot;background_slideshow_gallery&quot;:[{&quot;id&quot;:3114,&quot;url&quot;:&quot;https:\\\/\\\/calaestudi.com\\\/wp-content\\\/uploads\\\/2026\\\/01\\\/cala-estudi_fustam-3.png&quot;},{&quot;id&quot;:3115,&quot;url&quot;:&quot;https:\\\/\\\/calaestudi.com\\\/wp-content\\\/uploads\\\/2026\\\/01\\\/cala-estudi_fustam-2.png&quot;},{&quot;id&quot;:3116,&quot;url&quot;:&quot;https:\\\/\\\/calaestudi.com\\\/wp-content\\\/uploads\\\/2026\\\/01\\\/cala-estudi_fustam-1.png&quot;}],&quot;background_slideshow_ken_burns&quot;:&quot;yes&quot;,&quot;background_slideshow_slide_duration&quot;:3000,&quot;animation&quot;:&quot;fadeIn&quot;,&quot;background_slideshow_loop&quot;:&quot;yes&quot;,&quot;background_slideshow_slide_transition&quot;:&quot;fade&quot;,&quot;background_slideshow_transition_duration&quot;:500,&quot;background_slideshow_ken_burns_zoom_direction&quot;:&quot;in&quot;}\">\n\t\t\t\t\t<div class=\"e-con-inner\">\n\t\t\t\t\t<\/div>\n\t\t\t\t<\/div>\n\t\t\t\t<\/div>","protected":false},"excerpt":{"rendered":"<p>Fustam A\u00f1o 2022 Categor\u00eda Reforma Patrimonial Localizaci\u00f3n Terrassa Superficie 490m2 Cliente Privado Estado Terminado Una rehabilitaci\u00f3n de una mas\u00eda hist\u00f3rica en Terrassa \u2014 Can Boada Fustam. La rehabilitaci\u00f3n de la Mas\u00eda de Can Boada, edificio del siglo XV catalogado por su valor hist\u00f3rico en Terrassa, se plantea como una intervenci\u00f3n patrimonial rigurosa, centrada en la [&hellip;]<\/p>","protected":false},"author":2,"featured_media":2198,"parent":0,"menu_order":0,"comment_status":"closed","ping_status":"closed","template":"","meta":{"footnotes":""},"class_list":["post-3112","page","type-page","status-publish","has-post-thumbnail","hentry"],"_links":{"self":[{"href":"https:\/\/calaestudi.com\/ca\/wp-json\/wp\/v2\/pages\/3112","targetHints":{"allow":["GET"]}}],"collection":[{"href":"https:\/\/calaestudi.com\/ca\/wp-json\/wp\/v2\/pages"}],"about":[{"href":"https:\/\/calaestudi.com\/ca\/wp-json\/wp\/v2\/types\/page"}],"author":[{"embeddable":true,"href":"https:\/\/calaestudi.com\/ca\/wp-json\/wp\/v2\/users\/2"}],"replies":[{"embeddable":true,"href":"https:\/\/calaestudi.com\/ca\/wp-json\/wp\/v2\/comments?post=3112"}],"version-history":[{"count":18,"href":"https:\/\/calaestudi.com\/ca\/wp-json\/wp\/v2\/pages\/3112\/revisions"}],"predecessor-version":[{"id":3138,"href":"https:\/\/calaestudi.com\/ca\/wp-json\/wp\/v2\/pages\/3112\/revisions\/3138"}],"wp:featuredmedia":[{"embeddable":true,"href":"https:\/\/calaestudi.com\/ca\/wp-json\/wp\/v2\/media\/2198"}],"wp:attachment":[{"href":"https:\/\/calaestudi.com\/ca\/wp-json\/wp\/v2\/media?parent=3112"}],"curies":[{"name":"wp","href":"https:\/\/api.w.org\/{rel}","templated":true}]}}