{"id":3660,"date":"2026-05-05T08:15:55","date_gmt":"2026-05-05T08:15:55","guid":{"rendered":"https:\/\/calaestudi.com\/?page_id=3660"},"modified":"2026-05-05T08:33:44","modified_gmt":"2026-05-05T08:33:44","slug":"kaotiko","status":"publish","type":"page","link":"https:\/\/calaestudi.com\/ca\/kaotiko\/","title":{"rendered":"Kaotiko"},"content":{"rendered":"<div data-elementor-type=\"wp-page\" data-elementor-id=\"3660\" class=\"elementor elementor-3660\" data-elementor-post-type=\"page\">\n\t\t\t\t<div class=\"elementor-element elementor-element-abe9ab4 e-con-full e-flex e-con e-parent\" data-id=\"abe9ab4\" data-element_type=\"container\" data-e-type=\"container\" data-settings=\"{&quot;background_background&quot;:&quot;classic&quot;}\">\n\t\t<div class=\"elementor-element elementor-element-2a7ef36 e-flex e-con-boxed e-con e-child\" data-id=\"2a7ef36\" data-element_type=\"container\" data-e-type=\"container\">\n\t\t\t\t\t<div class=\"e-con-inner\">\n\t\t\t\t<div class=\"elementor-element elementor-element-7c2585e elementor-invisible elementor-widget elementor-widget-heading\" data-id=\"7c2585e\" data-element_type=\"widget\" data-e-type=\"widget\" data-settings=\"{&quot;motion_fx_motion_fx_scrolling&quot;:&quot;yes&quot;,&quot;motion_fx_translateY_effect&quot;:&quot;yes&quot;,&quot;motion_fx_translateY_speed&quot;:{&quot;unit&quot;:&quot;px&quot;,&quot;size&quot;:1.3,&quot;sizes&quot;:[]},&quot;_animation&quot;:&quot;fadeIn&quot;,&quot;motion_fx_translateY_affectedRange&quot;:{&quot;unit&quot;:&quot;%&quot;,&quot;size&quot;:&quot;&quot;,&quot;sizes&quot;:{&quot;start&quot;:0,&quot;end&quot;:100}},&quot;motion_fx_devices&quot;:[&quot;desktop&quot;,&quot;tablet&quot;,&quot;mobile&quot;]}\" data-widget_type=\"heading.default\">\n\t\t\t\t<div class=\"elementor-widget-container\">\n\t\t\t\t\t<h1 class=\"elementor-heading-title elementor-size-default\">Kaotiko<\/h1>\t\t\t\t<\/div>\n\t\t\t\t<\/div>\n\t\t<div class=\"elementor-element elementor-element-3863f05 e-con-full e-flex elementor-invisible e-con e-child\" data-id=\"3863f05\" data-element_type=\"container\" data-e-type=\"container\" data-settings=\"{&quot;animation&quot;:&quot;fadeIn&quot;}\">\n\t\t\t\t<div class=\"elementor-element elementor-element-3d18151 elementor-view-default elementor-widget elementor-widget-icon\" data-id=\"3d18151\" data-element_type=\"widget\" data-e-type=\"widget\" data-settings=\"{&quot;motion_fx_motion_fx_scrolling&quot;:&quot;yes&quot;,&quot;motion_fx_translateY_effect&quot;:&quot;yes&quot;,&quot;motion_fx_translateY_speed&quot;:{&quot;unit&quot;:&quot;px&quot;,&quot;size&quot;:4,&quot;sizes&quot;:[]},&quot;motion_fx_translateY_affectedRange&quot;:{&quot;unit&quot;:&quot;%&quot;,&quot;size&quot;:&quot;&quot;,&quot;sizes&quot;:{&quot;start&quot;:0,&quot;end&quot;:100}},&quot;motion_fx_devices&quot;:[&quot;desktop&quot;,&quot;tablet&quot;,&quot;mobile&quot;]}\" data-widget_type=\"icon.default\">\n\t\t\t\t<div class=\"elementor-widget-container\">\n\t\t\t\t\t\t\t<div class=\"elementor-icon-wrapper\">\n\t\t\t<div class=\"elementor-icon elementor-animation-grow\">\n\t\t\t<i aria-hidden=\"true\" class=\"jki jki-arrow-down-light\"><\/i>\t\t\t<\/div>\n\t\t<\/div>\n\t\t\t\t\t\t<\/div>\n\t\t\t\t<\/div>\n\t\t\t\t<\/div>\n\t\t\t\t\t<\/div>\n\t\t\t\t<\/div>\n\t\t\t\t<\/div>\n\t\t<div class=\"elementor-element elementor-element-8454ad3 e-transform e-flex e-con-boxed e-con e-parent\" data-id=\"8454ad3\" data-element_type=\"container\" data-e-type=\"container\" data-settings=\"{&quot;_transform_scale_effect&quot;:{&quot;unit&quot;:&quot;px&quot;,&quot;size&quot;:1,&quot;sizes&quot;:[]},&quot;_transform_scale_effect_tablet&quot;:{&quot;unit&quot;:&quot;px&quot;,&quot;size&quot;:&quot;&quot;,&quot;sizes&quot;:[]},&quot;_transform_scale_effect_mobile&quot;:{&quot;unit&quot;:&quot;px&quot;,&quot;size&quot;:&quot;&quot;,&quot;sizes&quot;:[]}}\">\n\t\t\t\t\t<div class=\"e-con-inner\">\n\t\t<div class=\"elementor-element elementor-element-3cb0923 e-grid e-con-full elementor-invisible e-con e-child\" data-id=\"3cb0923\" data-element_type=\"container\" data-e-type=\"container\" data-settings=\"{&quot;animation&quot;:&quot;fadeIn&quot;}\">\n\t\t\t\t<div class=\"elementor-element elementor-element-daa6521 elementor-widget elementor-widget-text-editor\" data-id=\"daa6521\" data-element_type=\"widget\" data-e-type=\"widget\" data-widget_type=\"text-editor.default\">\n\t\t\t\t<div class=\"elementor-widget-container\">\n\t\t\t\t\t\t\t\t\t<p><span style=\"color: #030140;\"><b>Any<\/b> 2026<\/span><\/p><p><span style=\"color: #030140;\"><b>Categoria<\/b> Reforma<\/span><\/p><p><span style=\"color: #030140;\"><b>Localitzaci\u00f3<\/b> <\/span><span style=\"color: #030140;\">Manresa<\/span><\/p>\t\t\t\t\t\t\t\t<\/div>\n\t\t\t\t<\/div>\n\t\t\t\t<div class=\"elementor-element elementor-element-9fb4fa2 elementor-widget elementor-widget-text-editor\" data-id=\"9fb4fa2\" data-element_type=\"widget\" data-e-type=\"widget\" data-widget_type=\"text-editor.default\">\n\t\t\t\t<div class=\"elementor-widget-container\">\n\t\t\t\t\t\t\t\t\t<p><span style=\"color: #030140;\"><b>Client<\/b> Kaotiko\u00a0<\/span><\/p><p><span style=\"color: #030140;\"><b>Superf\u00edcie<\/b> 340 m2<\/span><\/p><p><span style=\"color: #030140;\"><b>Estat<\/b> En construcci\u00f3<\/span><\/p>\t\t\t\t\t\t\t\t<\/div>\n\t\t\t\t<\/div>\n\t\t\t\t<\/div>\n\t\t\t\t\t<\/div>\n\t\t\t\t<\/div>\n\t\t<div class=\"elementor-element elementor-element-dbf47a4 e-transform e-flex e-con-boxed e-con e-parent\" data-id=\"dbf47a4\" data-element_type=\"container\" data-e-type=\"container\" data-settings=\"{&quot;_transform_scale_effect&quot;:{&quot;unit&quot;:&quot;px&quot;,&quot;size&quot;:1,&quot;sizes&quot;:[]},&quot;_transform_scale_effect_tablet&quot;:{&quot;unit&quot;:&quot;px&quot;,&quot;size&quot;:&quot;&quot;,&quot;sizes&quot;:[]},&quot;_transform_scale_effect_mobile&quot;:{&quot;unit&quot;:&quot;px&quot;,&quot;size&quot;:&quot;&quot;,&quot;sizes&quot;:[]}}\">\n\t\t\t\t\t<div class=\"e-con-inner\">\n\t\t<div class=\"elementor-element elementor-element-c4492bf e-con-full e-flex e-con e-child\" data-id=\"c4492bf\" data-element_type=\"container\" data-e-type=\"container\">\n\t\t<div class=\"elementor-element elementor-element-8ef62cc e-con-full e-flex e-con e-child\" data-id=\"8ef62cc\" data-element_type=\"container\" data-e-type=\"container\">\n\t\t\t\t<div class=\"elementor-element elementor-element-fb4a50c elementor-invisible elementor-widget elementor-widget-gallery\" data-id=\"fb4a50c\" data-element_type=\"widget\" data-e-type=\"widget\" data-settings=\"{&quot;columns&quot;:1,&quot;_animation&quot;:&quot;fadeIn&quot;,&quot;lazyload&quot;:&quot;yes&quot;,&quot;gallery_layout&quot;:&quot;grid&quot;,&quot;columns_tablet&quot;:2,&quot;columns_mobile&quot;:1,&quot;gap&quot;:{&quot;unit&quot;:&quot;px&quot;,&quot;size&quot;:10,&quot;sizes&quot;:[]},&quot;gap_tablet&quot;:{&quot;unit&quot;:&quot;px&quot;,&quot;size&quot;:10,&quot;sizes&quot;:[]},&quot;gap_mobile&quot;:{&quot;unit&quot;:&quot;px&quot;,&quot;size&quot;:10,&quot;sizes&quot;:[]},&quot;link_to&quot;:&quot;file&quot;,&quot;aspect_ratio&quot;:&quot;3:2&quot;,&quot;overlay_background&quot;:&quot;yes&quot;,&quot;content_hover_animation&quot;:&quot;fade-in&quot;}\" data-widget_type=\"gallery.default\">\n\t\t\t\t<div class=\"elementor-widget-container\">\n\t\t\t\t\t\t\t<div class=\"elementor-gallery__container\">\n\t\t\t\t\t\t\t<a class=\"e-gallery-item elementor-gallery-item elementor-animated-content\" href=\"https:\/\/calaestudi.com\/wp-content\/uploads\/2026\/05\/8.png\" data-elementor-open-lightbox=\"yes\" data-elementor-lightbox-slideshow=\"fb4a50c\" data-elementor-lightbox-title=\"8\" data-e-action-hash=\"#elementor-action%3Aaction%3Dlightbox%26settings%3DeyJpZCI6MzY2MiwidXJsIjoiaHR0cHM6XC9cL2NhbGFlc3R1ZGkuY29tXC93cC1jb250ZW50XC91cGxvYWRzXC8yMDI2XC8wNVwvOC5wbmciLCJzbGlkZXNob3ciOiJmYjRhNTBjIn0%3D\">\n\t\t\t\t\t<div class=\"e-gallery-image elementor-gallery-item__image\" data-thumbnail=\"https:\/\/calaestudi.com\/wp-content\/uploads\/2026\/05\/8.png\" data-width=\"1672\" data-height=\"941\" aria-label=\"\" role=\"img\" ><\/div>\n\t\t\t\t\t\t\t\t\t\t\t<div class=\"elementor-gallery-item__overlay\"><\/div>\n\t\t\t\t\t\t\t\t\t\t\t\t\t\t<\/a>\n\t\t\t\t\t\t\t<a class=\"e-gallery-item elementor-gallery-item elementor-animated-content\" href=\"https:\/\/calaestudi.com\/wp-content\/uploads\/2026\/05\/7.png\" data-elementor-open-lightbox=\"yes\" data-elementor-lightbox-slideshow=\"fb4a50c\" data-elementor-lightbox-title=\"7\" data-e-action-hash=\"#elementor-action%3Aaction%3Dlightbox%26settings%3DeyJpZCI6MzY2MywidXJsIjoiaHR0cHM6XC9cL2NhbGFlc3R1ZGkuY29tXC93cC1jb250ZW50XC91cGxvYWRzXC8yMDI2XC8wNVwvNy5wbmciLCJzbGlkZXNob3ciOiJmYjRhNTBjIn0%3D\">\n\t\t\t\t\t<div class=\"e-gallery-image elementor-gallery-item__image\" data-thumbnail=\"https:\/\/calaestudi.com\/wp-content\/uploads\/2026\/05\/7.png\" data-width=\"1536\" data-height=\"1024\" aria-label=\"\" role=\"img\" ><\/div>\n\t\t\t\t\t\t\t\t\t\t\t<div class=\"elementor-gallery-item__overlay\"><\/div>\n\t\t\t\t\t\t\t\t\t\t\t\t\t\t<\/a>\n\t\t\t\t\t\t\t<a class=\"e-gallery-item elementor-gallery-item elementor-animated-content\" href=\"https:\/\/calaestudi.com\/wp-content\/uploads\/2026\/05\/6.png\" data-elementor-open-lightbox=\"yes\" data-elementor-lightbox-slideshow=\"fb4a50c\" data-elementor-lightbox-title=\"6\" data-e-action-hash=\"#elementor-action%3Aaction%3Dlightbox%26settings%3DeyJpZCI6MzY2NCwidXJsIjoiaHR0cHM6XC9cL2NhbGFlc3R1ZGkuY29tXC93cC1jb250ZW50XC91cGxvYWRzXC8yMDI2XC8wNVwvNi5wbmciLCJzbGlkZXNob3ciOiJmYjRhNTBjIn0%3D\">\n\t\t\t\t\t<div class=\"e-gallery-image elementor-gallery-item__image\" data-thumbnail=\"https:\/\/calaestudi.com\/wp-content\/uploads\/2026\/05\/6.png\" data-width=\"1024\" data-height=\"1536\" aria-label=\"\" role=\"img\" ><\/div>\n\t\t\t\t\t\t\t\t\t\t\t<div class=\"elementor-gallery-item__overlay\"><\/div>\n\t\t\t\t\t\t\t\t\t\t\t\t\t\t<\/a>\n\t\t\t\t\t\t\t<a class=\"e-gallery-item elementor-gallery-item elementor-animated-content\" href=\"https:\/\/calaestudi.com\/wp-content\/uploads\/2026\/05\/5.png\" data-elementor-open-lightbox=\"yes\" data-elementor-lightbox-slideshow=\"fb4a50c\" data-elementor-lightbox-title=\"5\" data-e-action-hash=\"#elementor-action%3Aaction%3Dlightbox%26settings%3DeyJpZCI6MzY2NSwidXJsIjoiaHR0cHM6XC9cL2NhbGFlc3R1ZGkuY29tXC93cC1jb250ZW50XC91cGxvYWRzXC8yMDI2XC8wNVwvNS5wbmciLCJzbGlkZXNob3ciOiJmYjRhNTBjIn0%3D\">\n\t\t\t\t\t<div class=\"e-gallery-image elementor-gallery-item__image\" data-thumbnail=\"https:\/\/calaestudi.com\/wp-content\/uploads\/2026\/05\/5.png\" data-width=\"1536\" data-height=\"1024\" aria-label=\"\" role=\"img\" ><\/div>\n\t\t\t\t\t\t\t\t\t\t\t<div class=\"elementor-gallery-item__overlay\"><\/div>\n\t\t\t\t\t\t\t\t\t\t\t\t\t\t<\/a>\n\t\t\t\t\t\t\t<a class=\"e-gallery-item elementor-gallery-item elementor-animated-content\" href=\"https:\/\/calaestudi.com\/wp-content\/uploads\/2026\/05\/4-2.png\" data-elementor-open-lightbox=\"yes\" data-elementor-lightbox-slideshow=\"fb4a50c\" data-elementor-lightbox-title=\"4 (2)\" data-e-action-hash=\"#elementor-action%3Aaction%3Dlightbox%26settings%3DeyJpZCI6MzY2NiwidXJsIjoiaHR0cHM6XC9cL2NhbGFlc3R1ZGkuY29tXC93cC1jb250ZW50XC91cGxvYWRzXC8yMDI2XC8wNVwvNC0yLnBuZyIsInNsaWRlc2hvdyI6ImZiNGE1MGMifQ%3D%3D\">\n\t\t\t\t\t<div class=\"e-gallery-image elementor-gallery-item__image\" data-thumbnail=\"https:\/\/calaestudi.com\/wp-content\/uploads\/2026\/05\/4-2.png\" data-width=\"1536\" data-height=\"1024\" aria-label=\"\" role=\"img\" ><\/div>\n\t\t\t\t\t\t\t\t\t\t\t<div class=\"elementor-gallery-item__overlay\"><\/div>\n\t\t\t\t\t\t\t\t\t\t\t\t\t\t<\/a>\n\t\t\t\t\t\t\t<a class=\"e-gallery-item elementor-gallery-item elementor-animated-content\" href=\"https:\/\/calaestudi.com\/wp-content\/uploads\/2026\/05\/3.png\" data-elementor-open-lightbox=\"yes\" data-elementor-lightbox-slideshow=\"fb4a50c\" data-elementor-lightbox-title=\"3\" data-e-action-hash=\"#elementor-action%3Aaction%3Dlightbox%26settings%3DeyJpZCI6MzY2NywidXJsIjoiaHR0cHM6XC9cL2NhbGFlc3R1ZGkuY29tXC93cC1jb250ZW50XC91cGxvYWRzXC8yMDI2XC8wNVwvMy5wbmciLCJzbGlkZXNob3ciOiJmYjRhNTBjIn0%3D\">\n\t\t\t\t\t<div class=\"e-gallery-image elementor-gallery-item__image\" data-thumbnail=\"https:\/\/calaestudi.com\/wp-content\/uploads\/2026\/05\/3.png\" data-width=\"1536\" data-height=\"1024\" aria-label=\"\" role=\"img\" ><\/div>\n\t\t\t\t\t\t\t\t\t\t\t<div class=\"elementor-gallery-item__overlay\"><\/div>\n\t\t\t\t\t\t\t\t\t\t\t\t\t\t<\/a>\n\t\t\t\t\t\t\t<a class=\"e-gallery-item elementor-gallery-item elementor-animated-content\" href=\"https:\/\/calaestudi.com\/wp-content\/uploads\/2026\/05\/2-1.png\" data-elementor-open-lightbox=\"yes\" data-elementor-lightbox-slideshow=\"fb4a50c\" data-elementor-lightbox-title=\"2 (1)\" data-e-action-hash=\"#elementor-action%3Aaction%3Dlightbox%26settings%3DeyJpZCI6MzY2OCwidXJsIjoiaHR0cHM6XC9cL2NhbGFlc3R1ZGkuY29tXC93cC1jb250ZW50XC91cGxvYWRzXC8yMDI2XC8wNVwvMi0xLnBuZyIsInNsaWRlc2hvdyI6ImZiNGE1MGMifQ%3D%3D\">\n\t\t\t\t\t<div class=\"e-gallery-image elementor-gallery-item__image\" data-thumbnail=\"https:\/\/calaestudi.com\/wp-content\/uploads\/2026\/05\/2-1.png\" data-width=\"1536\" data-height=\"1024\" aria-label=\"\" role=\"img\" ><\/div>\n\t\t\t\t\t\t\t\t\t\t\t<div class=\"elementor-gallery-item__overlay\"><\/div>\n\t\t\t\t\t\t\t\t\t\t\t\t\t\t<\/a>\n\t\t\t\t\t\t\t<a class=\"e-gallery-item elementor-gallery-item elementor-animated-content\" href=\"https:\/\/calaestudi.com\/wp-content\/uploads\/2026\/05\/1-1.png\" data-elementor-open-lightbox=\"yes\" data-elementor-lightbox-slideshow=\"fb4a50c\" data-elementor-lightbox-title=\"1 (1)\" data-e-action-hash=\"#elementor-action%3Aaction%3Dlightbox%26settings%3DeyJpZCI6MzY2OSwidXJsIjoiaHR0cHM6XC9cL2NhbGFlc3R1ZGkuY29tXC93cC1jb250ZW50XC91cGxvYWRzXC8yMDI2XC8wNVwvMS0xLnBuZyIsInNsaWRlc2hvdyI6ImZiNGE1MGMifQ%3D%3D\">\n\t\t\t\t\t<div class=\"e-gallery-image elementor-gallery-item__image\" data-thumbnail=\"https:\/\/calaestudi.com\/wp-content\/uploads\/2026\/05\/1-1.png\" data-width=\"1536\" data-height=\"1024\" aria-label=\"\" role=\"img\" ><\/div>\n\t\t\t\t\t\t\t\t\t\t\t<div class=\"elementor-gallery-item__overlay\"><\/div>\n\t\t\t\t\t\t\t\t\t\t\t\t\t\t<\/a>\n\t\t\t\t\t<\/div>\n\t\t\t\t\t<\/div>\n\t\t\t\t<\/div>\n\t\t\t\t<\/div>\n\t\t\t\t<div class=\"elementor-element elementor-element-520009f elementor-align-center elementor-tablet-align-center elementor-mobile-align-center elementor-widget elementor-widget-button\" data-id=\"520009f\" data-element_type=\"widget\" data-e-type=\"widget\" data-widget_type=\"button.default\">\n\t\t\t\t<div class=\"elementor-widget-container\">\n\t\t\t\t\t\t\t\t\t<div class=\"elementor-button-wrapper\">\n\t\t\t\t\t<a class=\"elementor-button elementor-button-link elementor-size-sm\" href=\"https:\/\/wa.me\/34633857757\" target=\"_blank\" rel=\"noopener\">\n\t\t\t\t\t\t<span class=\"elementor-button-content-wrapper\">\n\t\t\t\t\t\t\t\t\t<span class=\"elementor-button-text\">PARLEM<\/span>\n\t\t\t\t\t<\/span>\n\t\t\t\t\t<\/a>\n\t\t\t\t<\/div>\n\t\t\t\t\t\t\t\t<\/div>\n\t\t\t\t<\/div>\n\t\t\t\t<\/div>\n\t\t\t\t\t<\/div>\n\t\t\t\t<\/div>\n\t\t<div class=\"elementor-element elementor-element-e510330 e-flex e-con-boxed elementor-invisible e-con e-parent\" data-id=\"e510330\" data-element_type=\"container\" data-e-type=\"container\" data-settings=\"{&quot;background_background&quot;:&quot;slideshow&quot;,&quot;background_slideshow_gallery&quot;:[{&quot;id&quot;:3669,&quot;url&quot;:&quot;https:\\\/\\\/calaestudi.com\\\/wp-content\\\/uploads\\\/2026\\\/05\\\/1-1.png&quot;},{&quot;id&quot;:3668,&quot;url&quot;:&quot;https:\\\/\\\/calaestudi.com\\\/wp-content\\\/uploads\\\/2026\\\/05\\\/2-1.png&quot;},{&quot;id&quot;:3667,&quot;url&quot;:&quot;https:\\\/\\\/calaestudi.com\\\/wp-content\\\/uploads\\\/2026\\\/05\\\/3.png&quot;},{&quot;id&quot;:3666,&quot;url&quot;:&quot;https:\\\/\\\/calaestudi.com\\\/wp-content\\\/uploads\\\/2026\\\/05\\\/4-2.png&quot;},{&quot;id&quot;:3665,&quot;url&quot;:&quot;https:\\\/\\\/calaestudi.com\\\/wp-content\\\/uploads\\\/2026\\\/05\\\/5.png&quot;},{&quot;id&quot;:3662,&quot;url&quot;:&quot;https:\\\/\\\/calaestudi.com\\\/wp-content\\\/uploads\\\/2026\\\/05\\\/8.png&quot;},{&quot;id&quot;:3663,&quot;url&quot;:&quot;https:\\\/\\\/calaestudi.com\\\/wp-content\\\/uploads\\\/2026\\\/05\\\/7.png&quot;},{&quot;id&quot;:3664,&quot;url&quot;:&quot;https:\\\/\\\/calaestudi.com\\\/wp-content\\\/uploads\\\/2026\\\/05\\\/6.png&quot;}],&quot;background_slideshow_ken_burns&quot;:&quot;yes&quot;,&quot;background_slideshow_slide_duration&quot;:3000,&quot;animation&quot;:&quot;fadeIn&quot;,&quot;background_slideshow_loop&quot;:&quot;yes&quot;,&quot;background_slideshow_slide_transition&quot;:&quot;fade&quot;,&quot;background_slideshow_transition_duration&quot;:500,&quot;background_slideshow_ken_burns_zoom_direction&quot;:&quot;in&quot;}\">\n\t\t\t\t\t<div class=\"e-con-inner\">\n\t\t\t\t\t<\/div>\n\t\t\t\t<\/div>\n\t\t\t\t<\/div>","protected":false},"excerpt":{"rendered":"<p>Kaotiko A\u00f1o 2026 Categor\u00eda Reforma Localizaci\u00f3n Manresa Cliente Kaotiko\u00a0 Superficie 340 m2 Estado En construcci\u00f3n HABLEMOS<\/p>","protected":false},"author":2,"featured_media":3691,"parent":0,"menu_order":0,"comment_status":"closed","ping_status":"closed","template":"","meta":{"_angie_page":false,"footnotes":""},"class_list":["post-3660","page","type-page","status-publish","has-post-thumbnail","hentry"],"_links":{"self":[{"href":"https:\/\/calaestudi.com\/ca\/wp-json\/wp\/v2\/pages\/3660","targetHints":{"allow":["GET"]}}],"collection":[{"href":"https:\/\/calaestudi.com\/ca\/wp-json\/wp\/v2\/pages"}],"about":[{"href":"https:\/\/calaestudi.com\/ca\/wp-json\/wp\/v2\/types\/page"}],"author":[{"embeddable":true,"href":"https:\/\/calaestudi.com\/ca\/wp-json\/wp\/v2\/users\/2"}],"replies":[{"embeddable":true,"href":"https:\/\/calaestudi.com\/ca\/wp-json\/wp\/v2\/comments?post=3660"}],"version-history":[{"count":17,"href":"https:\/\/calaestudi.com\/ca\/wp-json\/wp\/v2\/pages\/3660\/revisions"}],"predecessor-version":[{"id":3701,"href":"https:\/\/calaestudi.com\/ca\/wp-json\/wp\/v2\/pages\/3660\/revisions\/3701"}],"wp:featuredmedia":[{"embeddable":true,"href":"https:\/\/calaestudi.com\/ca\/wp-json\/wp\/v2\/media\/3691"}],"wp:attachment":[{"href":"https:\/\/calaestudi.com\/ca\/wp-json\/wp\/v2\/media?parent=3660"}],"curies":[{"name":"wp","href":"https:\/\/api.w.org\/{rel}","templated":true}]}}